{"id":97576,"date":"2024-03-20T17:02:33","date_gmt":"2024-03-20T16:02:33","guid":{"rendered":"https:\/\/kustomshop.kinsta.cloud\/produkt\/i1-cage-w\/"},"modified":"2026-03-27T15:57:01","modified_gmt":"2026-03-27T14:57:01","slug":"i1-cage-w","status":"publish","type":"product","link":"https:\/\/shop.kustom.ch\/it\/prodotto\/i1-cage-w\/","title":{"rendered":"i1 Gabbia W"},"content":{"rendered":"<p>Questa scarpa leggera e veloce consente di raggiungere velocit\u00e0 elevate e offre comunque un'elevata durata e la massima aderenza. Uno strato piatto di schiuma ARC Foam\u2122 con suola in gomma garantisce un'aderenza perfetta con un'eccellente sensazione di contatto con il terreno. La forma \u00e8 progettata per garantire la massima stabilit\u00e0 laterale. La tomaia della scarpa presenta una struttura a griglia in KPU flessibile, leggera e incredibilmente resistente. Questa scarpa ha tutte le caratteristiche per gli sport indoor competitivi.<\/p>\n<p>- Materiale della tomaia in nylon a rete resistente e traspirante<br \/>\n- Struttura a griglia in KPU con lamelle flessibili al centro del piede, strato di stabilit\u00e0 nell'area del tallone, rinforzi solidi nell'area della punta e ulteriori rinforzi laterali per evitare lo scivolamento<br \/>\n- Intersuola in schiuma ARC Foam\u2122 con risposta ottimale<br \/>\n- Suola con materiale in gomma high-tech ad alta aderenza per una trazione elevata<br \/>\n- Telaio in TPU per una stabilit\u00e0 unica<\/p>\n<p>Materiale: poliammide 70%, poliestere 30% + KPU. Intersuola: schiuma EVA 100%. Suola: gomma 100%<\/p>","protected":false},"excerpt":{"rendered":"<p>Dieser leichte, schnelle Schuh erm\u00f6glicht hohe Geschwindigkeiten und bietet dennoch eine hohe Strapazierf\u00e4higkeit und h\u00f6chsten Halt. Eine flache Schicht aus ARC Foam\u2122 Schaumstoff mit einer Kautschukaussensohle sorgt f\u00fcr eine perfekte Griffigkeit mit einem hervorragenden Gef\u00fchl des Bodenkontakts. Die Form ist f\u00fcr eine maximale Seitenstabilit\u00e4t ausgelegt. Das Obermaterial des Schuhs weist eine flexible, leichte und unglaublich [&hellip;]<\/p>\n","protected":false},"featured_media":706517,"template":"","meta":[],"product_brand":[],"product_cat":[4197],"product_tag":[],"class_list":{"0":"post-97576","1":"product","2":"type-product","3":"status-publish","4":"has-post-thumbnail","6":"product_cat-schuhe-sandalen","7":"pa_brand-craft","8":"pa_brand-type-sportswear","9":"pa_filter-color-schwarz","10":"pa_filter-color-weiss","12":"first","13":"instock","14":"sale","15":"taxable","16":"shipping-taxable","17":"purchasable","18":"product-type-variable","19":"add-to-wishlist-before_image"},"exclude_global_add_ons":[],"addons":[],"acf":[],"_links":{"self":[{"href":"https:\/\/shop.kustom.ch\/it\/wp-json\/wp\/v2\/product\/97576"}],"collection":[{"href":"https:\/\/shop.kustom.ch\/it\/wp-json\/wp\/v2\/product"}],"about":[{"href":"https:\/\/shop.kustom.ch\/it\/wp-json\/wp\/v2\/types\/product"}],"wp:featuredmedia":[{"embeddable":true,"href":"https:\/\/shop.kustom.ch\/it\/wp-json\/wp\/v2\/media\/706517"}],"wp:attachment":[{"href":"https:\/\/shop.kustom.ch\/it\/wp-json\/wp\/v2\/media?parent=97576"}],"wp:term":[{"taxonomy":"product_brand","embeddable":true,"href":"https:\/\/shop.kustom.ch\/it\/wp-json\/wp\/v2\/product_brand?post=97576"},{"taxonomy":"product_cat","embeddable":true,"href":"https:\/\/shop.kustom.ch\/it\/wp-json\/wp\/v2\/product_cat?post=97576"},{"taxonomy":"product_tag","embeddable":true,"href":"https:\/\/shop.kustom.ch\/it\/wp-json\/wp\/v2\/product_tag?post=97576"}],"curies":[{"name":"wp","href":"https:\/\/api.w.org\/{rel}","templated":true}]}}