{"id":97385,"date":"2024-03-20T17:01:50","date_gmt":"2024-03-20T16:01:50","guid":{"rendered":"https:\/\/kustomshop.kinsta.cloud\/produkt\/v150-engineered-m\/"},"modified":"2026-05-01T14:48:54","modified_gmt":"2026-05-01T13:48:54","slug":"v150-engineered-m","status":"publish","type":"product","link":"https:\/\/shop.kustom.ch\/it\/prodotto\/v150-engineered-m\/","title":{"rendered":"V150 Ingegnerizzato M"},"content":{"rendered":"<p>Scarpa da corsa leggera con eccellente flessibilit\u00e0 ed elevato rimbalzo. Ideale per le corse pi\u00f9 lunghe e l'interval training.<\/p>\n<p>- Vestibilit\u00e0 anatomica<br \/>\n- Basato sulla tecnologia GATE (Grip, Anatomia, Torsione, Ritorno di Energia)<br \/>\n- Design specifico che segue la forma naturale del piede. La calzata anatomica nella zona delle dita e la flessibilit\u00e0 ben studiata nei punti strategici consentono un lavoro muscolare ottimale e prestazioni corrispondenti.<br \/>\n- La scarpa da corsa offre una stabilit\u00e0 neutra per garantire un buon controllo del movimento ai corridori con pronazione e movimento del piede normali. La leggerezza<br \/>\n- La rete leggera sulla parte superiore garantisce un'elevata traspirabilit\u00e0.<br \/>\n- Supporto per il tallone all'esterno in TPU sagomato<br \/>\n- Goccia: 6 mm<\/p>\n<p>Materiale: Tomaia: poliestere 60%, poliammide 40%. Intersuola: schiuma EVA. Fodera: poliestere 100%. Suola: gomma 100%<\/p>","protected":false},"excerpt":{"rendered":"<p>Leichter Laufschuh mit hervorragender Flexibilit\u00e4t und hohem Rebound. Optimal f\u00fcr l\u00e4ngere L\u00e4ufe und Intervalltraining. \u2022 Anatomische Passform \u2022 Basiert auf der GATE-Technologie (Grip, Anatomie, Torsion, Energy Return) \u2022 Spezifisches Design, das der nat\u00fcrlichen Form des Fusses folgt. Seine anatomische Passform beim Zehenbereich und seine durchdachte Flexibilit\u00e4t an strategischen Stellen erlauben eine optimale Muskelarbeit und entsprechende [&hellip;]<\/p>\n","protected":false},"featured_media":706553,"template":"","meta":[],"product_brand":[],"product_cat":[4197],"product_tag":[],"class_list":{"0":"post-97385","1":"product","2":"type-product","3":"status-publish","4":"has-post-thumbnail","6":"product_cat-schuhe-sandalen","7":"pa_brand-craft","8":"pa_brand-type-sportswear","9":"pa_filter-color-blau","10":"pa_filter-color-grau","11":"pa_filter-color-gruen","12":"pa_filter-color-orange","13":"pa_filter-color-rot","14":"pa_filter-color-schwarz","15":"pa_filter-color-weiss","17":"first","18":"instock","19":"sale","20":"taxable","21":"shipping-taxable","22":"purchasable","23":"product-type-variable","24":"add-to-wishlist-before_image"},"exclude_global_add_ons":[],"addons":[],"acf":[],"_links":{"self":[{"href":"https:\/\/shop.kustom.ch\/it\/wp-json\/wp\/v2\/product\/97385"}],"collection":[{"href":"https:\/\/shop.kustom.ch\/it\/wp-json\/wp\/v2\/product"}],"about":[{"href":"https:\/\/shop.kustom.ch\/it\/wp-json\/wp\/v2\/types\/product"}],"wp:featuredmedia":[{"embeddable":true,"href":"https:\/\/shop.kustom.ch\/it\/wp-json\/wp\/v2\/media\/706553"}],"wp:attachment":[{"href":"https:\/\/shop.kustom.ch\/it\/wp-json\/wp\/v2\/media?parent=97385"}],"wp:term":[{"taxonomy":"product_brand","embeddable":true,"href":"https:\/\/shop.kustom.ch\/it\/wp-json\/wp\/v2\/product_brand?post=97385"},{"taxonomy":"product_cat","embeddable":true,"href":"https:\/\/shop.kustom.ch\/it\/wp-json\/wp\/v2\/product_cat?post=97385"},{"taxonomy":"product_tag","embeddable":true,"href":"https:\/\/shop.kustom.ch\/it\/wp-json\/wp\/v2\/product_tag?post=97385"}],"curies":[{"name":"wp","href":"https:\/\/api.w.org\/{rel}","templated":true}]}}