{"id":97247,"date":"2024-03-20T17:01:16","date_gmt":"2024-03-20T16:01:16","guid":{"rendered":"https:\/\/kustomshop.kinsta.cloud\/produkt\/storm-balance-tights-w\/"},"modified":"2026-03-27T13:38:28","modified_gmt":"2026-03-27T12:38:28","slug":"storm-balance-tights-w","status":"publish","type":"product","link":"https:\/\/shop.kustom.ch\/it\/prodotto\/storm-balance-tights-w\/","title":{"rendered":"Collant Storm Balance W"},"content":{"rendered":"<p>Calzamaglia termica antivento con vestibilit\u00e0 ottimale ed eccellente trasporto dell'umidit\u00e0.<br \/>\n- Calzamaglia da allenamento calda e antivento<br \/>\n- Protezione antivento elastica sul davanti<br \/>\n- Profili riflettenti<br \/>\n- Aperture sotto le ginocchia per una libert\u00e0 di movimento senza restrizioni<br \/>\n- Cintura in vita con coulisse<\/p>\n<p>Materiale: Corpo anteriore: Viso: 100% poliestere riciclato Dorso: 100% poliuretano Corpo posteriore inferiore: Viso: 100% poliestere riciclato Dorso: 100% poliuretano Corpo posteriore superiore: 100% poliestere riciclato Fodera: 100% poliestere<\/p>","protected":false},"excerpt":{"rendered":"<p>Winddichte Thermo-Tights mit optimalem Sitz und hervorragendem Feuchtigkeitstransport. \u2022 Warme, winddichte Trainingstights \u2022 Elastischer Windschutz vorne \u2022 Reflektierende Paspelierung \u2022 \u00d6ffnungen unterhalb der Knie f\u00fcr uneingeschr\u00e4nkte Bewegungsfreiheit \u2022 Bund mit Kordelzug Material: Front body: Face: 100% Polyester recycelt Back: 100% Polyurethan Lower back body: Face: 100% Polyester recycelt Back: 100% Polyurethan Upper back body: 100% [&hellip;]<\/p>\n","protected":false},"featured_media":248890,"template":"","meta":[],"product_brand":[],"product_cat":[4190],"product_tag":[],"class_list":{"0":"post-97247","1":"product","2":"type-product","3":"status-publish","4":"has-post-thumbnail","6":"product_cat-leggings","7":"pa_brand-craft-retail-sportswear","8":"pa_brand-type-sportswear","9":"pa_filter-color-blau","10":"pa_filter-color-schwarz","12":"first","13":"instock","14":"sale","15":"taxable","16":"shipping-taxable","17":"purchasable","18":"product-type-variable","19":"add-to-wishlist-before_image"},"exclude_global_add_ons":[],"addons":[],"acf":[],"_links":{"self":[{"href":"https:\/\/shop.kustom.ch\/it\/wp-json\/wp\/v2\/product\/97247"}],"collection":[{"href":"https:\/\/shop.kustom.ch\/it\/wp-json\/wp\/v2\/product"}],"about":[{"href":"https:\/\/shop.kustom.ch\/it\/wp-json\/wp\/v2\/types\/product"}],"wp:featuredmedia":[{"embeddable":true,"href":"https:\/\/shop.kustom.ch\/it\/wp-json\/wp\/v2\/media\/248890"}],"wp:attachment":[{"href":"https:\/\/shop.kustom.ch\/it\/wp-json\/wp\/v2\/media?parent=97247"}],"wp:term":[{"taxonomy":"product_brand","embeddable":true,"href":"https:\/\/shop.kustom.ch\/it\/wp-json\/wp\/v2\/product_brand?post=97247"},{"taxonomy":"product_cat","embeddable":true,"href":"https:\/\/shop.kustom.ch\/it\/wp-json\/wp\/v2\/product_cat?post=97247"},{"taxonomy":"product_tag","embeddable":true,"href":"https:\/\/shop.kustom.ch\/it\/wp-json\/wp\/v2\/product_tag?post=97247"}],"curies":[{"name":"wp","href":"https:\/\/api.w.org\/{rel}","templated":true}]}}