{"id":97216,"date":"2024-03-20T17:01:00","date_gmt":"2024-03-20T16:01:00","guid":{"rendered":"https:\/\/kustomshop.kinsta.cloud\/produkt\/pro-control-impact-skirt-jr\/"},"modified":"2026-03-27T15:13:56","modified_gmt":"2026-03-27T14:13:56","slug":"pro-control-impact-skirt-jr","status":"publish","type":"product","link":"https:\/\/shop.kustom.ch\/it\/prodotto\/pro-control-impact-skirt-jr\/","title":{"rendered":"Gonna Pro Control Impact Jr"},"content":{"rendered":"<p>Con la Pro Control Impact Skirt farete sempre una bella figura. La gonna \u00e8 realizzata in un tessuto funzionale leggero ed elastico e offre un eccellente trasporto dell'umidit\u00e0 e un'ottima libert\u00e0 di movimento. Con hot pants integrati, tasca per la palla, elastico in vita e ampio spazio per il logo del club, dello sponsor o dell'azienda.<br \/>\n- La scarpa \u00e8 impermeabile e repellente allo sporco grazie alla tomaia in maglia monopezzo con membrana integrata (fino alla caviglia).<br \/>\n- La suola con un design brevettato a triangoli garantisce flessibilit\u00e0 e un'ottima presa sui terreni fangosi.<br \/>\n- La schiuma CMEVA super ammortizzante fornisce la necessaria ammortizzazione sotto il tallone<br \/>\n- Peso UK8 367,5 grammi<\/p>\n<p>Materiale: Corpo: 90% Poliestere 10% Elastan Fodera: 84% Poliestere 16% Elastan<\/p>","protected":false},"excerpt":{"rendered":"<p>Mit dem Pro Control Impact Skirt machst du immer eine gute Figur. Der Rock besteht aus einem leichten und elastischen Funktionsgewebe und bietet hervorragenden Feuchtigkeitstransport sowie optimale Bewegungsfreiheit. Mit integrierter Hotpants, Balltasche, elastischem Bund und viel Platz f\u00fcr das Branding mit Club-, Sponsorten-, oder Firmenlogos. \u2022 Der Schun ist dank seinem einteilig gestricktem Obermaterial mit [&hellip;]<\/p>\n","protected":false},"featured_media":248881,"template":"","meta":[],"product_brand":[],"product_cat":[4194],"product_tag":[],"class_list":{"0":"post-97216","1":"product","2":"type-product","3":"status-publish","4":"has-post-thumbnail","6":"product_cat-roecke","7":"pa_brand-craft-teamwear","8":"pa_brand-type-sportswear","9":"pa_filter-color-blau","10":"pa_filter-color-schwarz","11":"pa_filter-color-weiss","13":"first","14":"instock","15":"sale","16":"taxable","17":"shipping-taxable","18":"purchasable","19":"product-type-variable","20":"add-to-wishlist-before_image"},"exclude_global_add_ons":[],"addons":[],"acf":[],"_links":{"self":[{"href":"https:\/\/shop.kustom.ch\/it\/wp-json\/wp\/v2\/product\/97216"}],"collection":[{"href":"https:\/\/shop.kustom.ch\/it\/wp-json\/wp\/v2\/product"}],"about":[{"href":"https:\/\/shop.kustom.ch\/it\/wp-json\/wp\/v2\/types\/product"}],"wp:featuredmedia":[{"embeddable":true,"href":"https:\/\/shop.kustom.ch\/it\/wp-json\/wp\/v2\/media\/248881"}],"wp:attachment":[{"href":"https:\/\/shop.kustom.ch\/it\/wp-json\/wp\/v2\/media?parent=97216"}],"wp:term":[{"taxonomy":"product_brand","embeddable":true,"href":"https:\/\/shop.kustom.ch\/it\/wp-json\/wp\/v2\/product_brand?post=97216"},{"taxonomy":"product_cat","embeddable":true,"href":"https:\/\/shop.kustom.ch\/it\/wp-json\/wp\/v2\/product_cat?post=97216"},{"taxonomy":"product_tag","embeddable":true,"href":"https:\/\/shop.kustom.ch\/it\/wp-json\/wp\/v2\/product_tag?post=97216"}],"curies":[{"name":"wp","href":"https:\/\/api.w.org\/{rel}","templated":true}]}}