{"id":97194,"date":"2024-03-20T17:00:53","date_gmt":"2024-03-20T16:00:53","guid":{"rendered":"https:\/\/kustomshop.kinsta.cloud\/produkt\/pro-control-impact-skirt-w\/"},"modified":"2026-03-27T15:13:12","modified_gmt":"2026-03-27T14:13:12","slug":"pro-control-impact-skirt-w","status":"publish","type":"product","link":"https:\/\/shop.kustom.ch\/it\/prodotto\/pro-control-impact-skirt-w\/","title":{"rendered":"Gonna PRO Control Impact W"},"content":{"rendered":"<p>Con la Pro Control Impact Skirt farete sempre una bella figura. La gonna \u00e8 realizzata in un tessuto funzionale leggero ed elastico e offre un eccellente trasporto dell'umidit\u00e0 e un'ottima libert\u00e0 di movimento. Con hot pants integrati, tasca per la palla, elastico in vita e ampio spazio per il logo del club, dello sponsor o dell'azienda.<br \/>\n- Materiale tricot leggero con calzamaglia integrata<br \/>\n-Tasca porta palline sullo slip interno<br \/>\n-Vita elasticizzata<br \/>\n-Spazio per loghi di club\/aziende<br \/>\n-Rispettoso dell'ambiente<\/p>\n<p>Materiale: Corpo: 90% poliestere 10% elastan Fodera: 84% poliestere 16% elastan<\/p>","protected":false},"excerpt":{"rendered":"<p>Mit dem Pro Control Impact Skirt machst du immer eine gute Figur. Der Rock besteht aus einem leichten und elastischen Funktionsgewebe und bietet hervorragenden Feuchtigkeitstransport sowie optimale Bewegungsfreiheit. Mit integrierter Hotpants, Balltasche, elastischem Bund und viel Platz f\u00fcr das Branding mit Club-, Sponsorten-, oder Firmenlogos. \u2022 Leichtes Tricot-Material mit integrierten Tights \u2022Balltasche am Innenslip \u2022Elastisches [&hellip;]<\/p>\n","protected":false},"featured_media":248878,"template":"","meta":[],"product_brand":[],"product_cat":[4194],"product_tag":[],"class_list":{"0":"post-97194","1":"product","2":"type-product","3":"status-publish","4":"has-post-thumbnail","6":"product_cat-roecke","7":"pa_brand-craft-teamwear","8":"pa_brand-type-sportswear","9":"pa_filter-color-blau","10":"pa_filter-color-schwarz","11":"pa_filter-color-weiss","13":"first","14":"instock","15":"sale","16":"taxable","17":"shipping-taxable","18":"purchasable","19":"product-type-variable","20":"add-to-wishlist-before_image"},"exclude_global_add_ons":[],"addons":[],"acf":[],"_links":{"self":[{"href":"https:\/\/shop.kustom.ch\/it\/wp-json\/wp\/v2\/product\/97194"}],"collection":[{"href":"https:\/\/shop.kustom.ch\/it\/wp-json\/wp\/v2\/product"}],"about":[{"href":"https:\/\/shop.kustom.ch\/it\/wp-json\/wp\/v2\/types\/product"}],"wp:featuredmedia":[{"embeddable":true,"href":"https:\/\/shop.kustom.ch\/it\/wp-json\/wp\/v2\/media\/248878"}],"wp:attachment":[{"href":"https:\/\/shop.kustom.ch\/it\/wp-json\/wp\/v2\/media?parent=97194"}],"wp:term":[{"taxonomy":"product_brand","embeddable":true,"href":"https:\/\/shop.kustom.ch\/it\/wp-json\/wp\/v2\/product_brand?post=97194"},{"taxonomy":"product_cat","embeddable":true,"href":"https:\/\/shop.kustom.ch\/it\/wp-json\/wp\/v2\/product_cat?post=97194"},{"taxonomy":"product_tag","embeddable":true,"href":"https:\/\/shop.kustom.ch\/it\/wp-json\/wp\/v2\/product_tag?post=97194"}],"curies":[{"name":"wp","href":"https:\/\/api.w.org\/{rel}","templated":true}]}}