{"id":97103,"date":"2024-03-20T17:00:26","date_gmt":"2024-03-20T16:00:26","guid":{"rendered":"https:\/\/kustomshop.kinsta.cloud\/produkt\/pro-control-impact-sl-jr\/"},"modified":"2026-03-27T15:37:44","modified_gmt":"2026-03-27T14:37:44","slug":"pro-control-impact-sl-jr","status":"publish","type":"product","link":"https:\/\/shop.kustom.ch\/it\/prodotto\/pro-control-impact-sl-jr\/","title":{"rendered":"Pro Control Impact SL Jr"},"content":{"rendered":"<p>Intensificate il vostro gioco con questo top senza maniche di alta qualit\u00e0. Realizzato in tessuto leggero e traspirante, il Pro Control Impact SL \u00e8 realizzato con quasi 100% di poliestere riciclato per un migliore impatto ambientale. Realizzato in tessuto di poliestere leggero, elasticizzato e riciclato, con eccellente traspirabilit\u00e0, trasporto dell'umidit\u00e0 e massima libert\u00e0 di movimento. Inserti in rete per una migliore ventilazione. Ampio spazio per il logo del club, dello sponsor o dell'azienda.<br \/>\n- La scarpa \u00e8 impermeabile e repellente allo sporco grazie alla tomaia in maglia monopezzo con membrana integrata (fino alla caviglia).<br \/>\n- La suola con un design brevettato a triangoli garantisce flessibilit\u00e0 e un'ottima presa sui terreni fangosi.<br \/>\n- La schiuma CMEVA super ammortizzante fornisce la necessaria ammortizzazione sotto il tallone<br \/>\n- Peso UK8 367,5 grammi<\/p>\n<p>Materiale: Corpo anteriore: 100% Poliestere riciclato Corpo posteriore: 97% Poliestere riciclato 3% Poliestere<\/p>","protected":false},"excerpt":{"rendered":"<p>Intensiviere Dein Spiel mit diesem hochwertigen \u00e4rmellosen Oberteil. Das Pro Control Impact SL, aus leichtem, atmungsaktivem Material, besteht zu knapp 100% aus recyceltem Polyester &#8211; f\u00fcr einen besseren \u00f6kologischen Fussabdruck. Aus leichtem, elastischem und recyceltem Polyestergewege mit hervorragender Atmungsaktivit\u00e4t, Feuchtigkeitstransport und maximaler Bewegungsfreiheit. Mesh-Eins\u00e4tze sorgen f\u00fcr eine verbesserte Bel\u00fcftung. Viel Platz f\u00fcr das Branding mit [&hellip;]<\/p>\n","protected":false},"featured_media":248864,"template":"","meta":[],"product_brand":[],"product_cat":[4202],"product_tag":[],"class_list":{"0":"post-97103","1":"product","2":"type-product","3":"status-publish","4":"has-post-thumbnail","6":"product_cat-tank-tops","7":"pa_brand-craft-teamwear","8":"pa_brand-type-sportswear","9":"pa_filter-color-blau","10":"pa_filter-color-rot","11":"pa_filter-color-schwarz","12":"pa_filter-color-weiss","14":"first","15":"instock","16":"sale","17":"taxable","18":"shipping-taxable","19":"purchasable","20":"product-type-variable","21":"add-to-wishlist-before_image"},"exclude_global_add_ons":[],"addons":[],"acf":[],"_links":{"self":[{"href":"https:\/\/shop.kustom.ch\/it\/wp-json\/wp\/v2\/product\/97103"}],"collection":[{"href":"https:\/\/shop.kustom.ch\/it\/wp-json\/wp\/v2\/product"}],"about":[{"href":"https:\/\/shop.kustom.ch\/it\/wp-json\/wp\/v2\/types\/product"}],"wp:featuredmedia":[{"embeddable":true,"href":"https:\/\/shop.kustom.ch\/it\/wp-json\/wp\/v2\/media\/248864"}],"wp:attachment":[{"href":"https:\/\/shop.kustom.ch\/it\/wp-json\/wp\/v2\/media?parent=97103"}],"wp:term":[{"taxonomy":"product_brand","embeddable":true,"href":"https:\/\/shop.kustom.ch\/it\/wp-json\/wp\/v2\/product_brand?post=97103"},{"taxonomy":"product_cat","embeddable":true,"href":"https:\/\/shop.kustom.ch\/it\/wp-json\/wp\/v2\/product_cat?post=97103"},{"taxonomy":"product_tag","embeddable":true,"href":"https:\/\/shop.kustom.ch\/it\/wp-json\/wp\/v2\/product_tag?post=97103"}],"curies":[{"name":"wp","href":"https:\/\/api.w.org\/{rel}","templated":true}]}}