{"id":97067,"date":"2024-03-20T17:00:17","date_gmt":"2024-03-20T16:00:17","guid":{"rendered":"https:\/\/kustomshop.kinsta.cloud\/produkt\/pro-control-impact-singlet-w\/"},"modified":"2026-04-07T14:32:33","modified_gmt":"2026-04-07T13:32:33","slug":"pro-control-impact-singlet-w","status":"publish","type":"product","link":"https:\/\/shop.kustom.ch\/it\/prodotto\/pro-control-impact-singlet-w\/","title":{"rendered":"PRO Control Impact Singlet W"},"content":{"rendered":"<p>Intensificate il vostro gioco con questa calzamaglia di alta qualit\u00e0. La Pro Control Impact SL, realizzata in materiale leggero e traspirante, \u00e8 composta da quasi 100% di poliestere riciclato - per una migliore impronta ecologica. Realizzata in tessuto di poliestere leggero, elasticizzato e riciclato, con eccellente traspirabilit\u00e0, trasporto dell'umidit\u00e0 e massima libert\u00e0 di movimento. Inserti in rete per una migliore ventilazione. Ampio spazio per il logo del club, dello sponsor o dell'azienda.<br \/>\n- Materiale leggero e traspirante<br \/>\n-Elementi delle maglie<br \/>\n-Colletto stretto e polsini stretti<br \/>\n-Vestibilit\u00e0 stretta<br \/>\n-Spazio per loghi di club\/aziende<br \/>\n-Rispettoso dell'ambiente<\/p>\n<p>Materiale: Corpo anteriore: 100% poliestere riciclato Corpo posteriore: 97% poliestere riciclato 3% poliestere<\/p>","protected":false},"excerpt":{"rendered":"<p>Intensiviere Dein Spiel mit diesem hochwertigen Singlet. Das Pro Control Impact SL, aus leichtem, atmungsaktivem Material, besteht zu knapp 100% aus recyceltem Polyester &#8211; f\u00fcr einen besseren \u00f6kologischen Fussabdruck. Aus leichtem, elastischem und recyceltem Polyestergewege mit hervorragender Atmungsaktivit\u00e4t, Feuchtigkeitstransport und maximaler Bewegungsfreiheit. Mesh-Eins\u00e4tze sorgen f\u00fcr eine verbesserte Bel\u00fcftung. Viel Platz f\u00fcr das Branding mit Club-, [&hellip;]<\/p>\n","protected":false},"featured_media":248859,"template":"","meta":[],"product_brand":[],"product_cat":[4202],"product_tag":[],"class_list":{"0":"post-97067","1":"product","2":"type-product","3":"status-publish","4":"has-post-thumbnail","6":"product_cat-tank-tops","7":"pa_brand-craft-teamwear","8":"pa_brand-type-sportswear","9":"pa_filter-color-blau","10":"pa_filter-color-rot","11":"pa_filter-color-schwarz","12":"pa_filter-color-weiss","14":"first","15":"instock","16":"sale","17":"taxable","18":"shipping-taxable","19":"purchasable","20":"product-type-variable","21":"add-to-wishlist-before_image"},"exclude_global_add_ons":[],"addons":[],"acf":[],"_links":{"self":[{"href":"https:\/\/shop.kustom.ch\/it\/wp-json\/wp\/v2\/product\/97067"}],"collection":[{"href":"https:\/\/shop.kustom.ch\/it\/wp-json\/wp\/v2\/product"}],"about":[{"href":"https:\/\/shop.kustom.ch\/it\/wp-json\/wp\/v2\/types\/product"}],"wp:featuredmedia":[{"embeddable":true,"href":"https:\/\/shop.kustom.ch\/it\/wp-json\/wp\/v2\/media\/248859"}],"wp:attachment":[{"href":"https:\/\/shop.kustom.ch\/it\/wp-json\/wp\/v2\/media?parent=97067"}],"wp:term":[{"taxonomy":"product_brand","embeddable":true,"href":"https:\/\/shop.kustom.ch\/it\/wp-json\/wp\/v2\/product_brand?post=97067"},{"taxonomy":"product_cat","embeddable":true,"href":"https:\/\/shop.kustom.ch\/it\/wp-json\/wp\/v2\/product_cat?post=97067"},{"taxonomy":"product_tag","embeddable":true,"href":"https:\/\/shop.kustom.ch\/it\/wp-json\/wp\/v2\/product_tag?post=97067"}],"curies":[{"name":"wp","href":"https:\/\/api.w.org\/{rel}","templated":true}]}}