{"id":97000,"date":"2024-03-20T17:00:01","date_gmt":"2024-03-20T16:00:01","guid":{"rendered":"https:\/\/kustomshop.kinsta.cloud\/produkt\/pro-control-impact-ls-tee-jr\/"},"modified":"2026-03-27T15:39:15","modified_gmt":"2026-03-27T14:39:15","slug":"pro-control-impact-ls-tee-jr","status":"publish","type":"product","link":"https:\/\/shop.kustom.ch\/it\/prodotto\/pro-control-impact-ls-tee-jr\/","title":{"rendered":"Pro Control Impact LS Tee Jr"},"content":{"rendered":"<p>Questa T-shirt a maniche lunghe di alta qualit\u00e0, ecologica e performante, vi far\u00e0 fare bella figura. Realizzata in tessuto di poliestere riciclato, leggero ed elastico, la Pro Control Impact LS Tee offre un'eccellente traspirabilit\u00e0, trasporto dell'umidit\u00e0 e libert\u00e0 di movimento. Con inserti in rete per una migliore ventilazione. Ampio spazio per il logo del club, dello sponsor o dell'azienda.<br \/>\n- Materiale leggero e traspirante<br \/>\n-Elementi delle maglie<br \/>\n-Colletto stretto e polsini stretti<br \/>\nManiche aderenti<br \/>\n-Spazio per loghi di club\/aziende<br \/>\n-+BQ4<\/p>\n<p>Materiale: Corpo anteriore: 100% Poliestere riciclato Corpo posteriore: 97% Poliestere riciclato 3% Poliestere<\/p>","protected":false},"excerpt":{"rendered":"<p>Mit diesem hochwertigen, umweltfreundlichen und leistungsstarken Langarm-T-Shirt kannst Du dich sehen lassen. Das Pro Control Impact LS Tee aus leichtem, elastischem und recyceltem Polyestergewebe bietet hervorragende Atmungsaktivit\u00e4t, Feuchtigkeitstransport und Bewegungsfreiheit. Mit Mesh-Eins\u00e4tzen f\u00fcr verbesserte Bel\u00fcftung. Viel Platz f\u00fcr das Branding mit deinen Club-, Sponsor-, oder Firmenlogos. \u2022 Leichtes, atmungsaktives Material \u2022Mesh-Elemente \u2022Enger Kragen und enge [&hellip;]<\/p>\n","protected":false},"featured_media":248849,"template":"","meta":[],"product_brand":[],"product_cat":[4201],"product_tag":[],"class_list":{"0":"post-97000","1":"product","2":"type-product","3":"status-publish","4":"has-post-thumbnail","6":"product_cat-t-shirts","7":"pa_brand-craft-teamwear","8":"pa_brand-type-sportswear","9":"pa_filter-color-blau","10":"pa_filter-color-rot","11":"pa_filter-color-schwarz","12":"pa_filter-color-weiss","14":"first","15":"instock","16":"sale","17":"taxable","18":"shipping-taxable","19":"purchasable","20":"product-type-variable","21":"add-to-wishlist-before_image"},"exclude_global_add_ons":[],"addons":[],"acf":[],"_links":{"self":[{"href":"https:\/\/shop.kustom.ch\/it\/wp-json\/wp\/v2\/product\/97000"}],"collection":[{"href":"https:\/\/shop.kustom.ch\/it\/wp-json\/wp\/v2\/product"}],"about":[{"href":"https:\/\/shop.kustom.ch\/it\/wp-json\/wp\/v2\/types\/product"}],"wp:featuredmedia":[{"embeddable":true,"href":"https:\/\/shop.kustom.ch\/it\/wp-json\/wp\/v2\/media\/248849"}],"wp:attachment":[{"href":"https:\/\/shop.kustom.ch\/it\/wp-json\/wp\/v2\/media?parent=97000"}],"wp:term":[{"taxonomy":"product_brand","embeddable":true,"href":"https:\/\/shop.kustom.ch\/it\/wp-json\/wp\/v2\/product_brand?post=97000"},{"taxonomy":"product_cat","embeddable":true,"href":"https:\/\/shop.kustom.ch\/it\/wp-json\/wp\/v2\/product_cat?post=97000"},{"taxonomy":"product_tag","embeddable":true,"href":"https:\/\/shop.kustom.ch\/it\/wp-json\/wp\/v2\/product_tag?post=97000"}],"curies":[{"name":"wp","href":"https:\/\/api.w.org\/{rel}","templated":true}]}}