{"id":96861,"date":"2024-03-20T16:59:25","date_gmt":"2024-03-20T15:59:25","guid":{"rendered":"https:\/\/kustomshop.kinsta.cloud\/produkt\/pro-control-impact-ss-tee-w\/"},"modified":"2026-03-27T15:38:10","modified_gmt":"2026-03-27T14:38:10","slug":"pro-control-impact-ss-tee-w","status":"publish","type":"product","link":"https:\/\/shop.kustom.ch\/it\/prodotto\/pro-control-impact-ss-tee-w\/","title":{"rendered":"PRO Control Impact SS Tee W"},"content":{"rendered":"<p>Con questa maglietta di alta qualit\u00e0, ecologica e performante, potrete farvi notare. La Pro Control Impact SS Tee, realizzata in tessuto di poliestere riciclato leggero, elastico e quasi 100%, offre un'eccellente traspirabilit\u00e0, trasporto dell'umidit\u00e0 e libert\u00e0 di movimento. Con inserti in rete per una migliore ventilazione. Ampio spazio per il logo del club, dello sponsor o dell'azienda.<br \/>\n- Materiale leggero e traspirante<br \/>\n-Elementi delle maglie<br \/>\n-Colletto stretto e polsini stretti<br \/>\n-Maniche da donna (pi\u00f9 corte)<br \/>\nManiche aderenti<br \/>\n-Spazio per loghi di club\/aziende<br \/>\n-Rispettoso dell'ambiente<\/p>\n<p>Materiale: Corpo anteriore: 100% poliestere riciclato Corpo posteriore: 97% poliestere riciclato 3% poliestere<\/p>","protected":false},"excerpt":{"rendered":"<p>Mit diesem hochwertigen, umweltfreundlichen und leistungsstarken T-Shirt kannst Du dich sehen lassen. Das Pro Control Impact SS Tee aus leichtem, elastischem und knapp 100% recyceltem Polyestergewebe bietet hervorragende Atmungsaktivit\u00e4t, Feuchtigkeitstransport und Bewegungsfreiheit. Mit Mesh-Eins\u00e4tzen f\u00fcr verbesserte Bel\u00fcftung. Viel Platz f\u00fcr das Branding mit deinen Club-, Sponsor-, oder Firmenlogos. \u2022 Leichtes, atmungsaktives Material \u2022Mesh-Elemente \u2022Enger Kragen [&hellip;]<\/p>\n","protected":false},"featured_media":248829,"template":"","meta":[],"product_brand":[],"product_cat":[4201],"product_tag":[],"class_list":{"0":"post-96861","1":"product","2":"type-product","3":"status-publish","4":"has-post-thumbnail","6":"product_cat-t-shirts","7":"pa_brand-craft-teamwear","8":"pa_brand-type-sportswear","9":"pa_filter-color-blau","10":"pa_filter-color-rot","11":"pa_filter-color-schwarz","12":"pa_filter-color-weiss","14":"first","15":"instock","16":"sale","17":"taxable","18":"shipping-taxable","19":"purchasable","20":"product-type-variable","21":"add-to-wishlist-before_image"},"exclude_global_add_ons":[],"addons":[],"acf":[],"_links":{"self":[{"href":"https:\/\/shop.kustom.ch\/it\/wp-json\/wp\/v2\/product\/96861"}],"collection":[{"href":"https:\/\/shop.kustom.ch\/it\/wp-json\/wp\/v2\/product"}],"about":[{"href":"https:\/\/shop.kustom.ch\/it\/wp-json\/wp\/v2\/types\/product"}],"wp:featuredmedia":[{"embeddable":true,"href":"https:\/\/shop.kustom.ch\/it\/wp-json\/wp\/v2\/media\/248829"}],"wp:attachment":[{"href":"https:\/\/shop.kustom.ch\/it\/wp-json\/wp\/v2\/media?parent=96861"}],"wp:term":[{"taxonomy":"product_brand","embeddable":true,"href":"https:\/\/shop.kustom.ch\/it\/wp-json\/wp\/v2\/product_brand?post=96861"},{"taxonomy":"product_cat","embeddable":true,"href":"https:\/\/shop.kustom.ch\/it\/wp-json\/wp\/v2\/product_cat?post=96861"},{"taxonomy":"product_tag","embeddable":true,"href":"https:\/\/shop.kustom.ch\/it\/wp-json\/wp\/v2\/product_tag?post=96861"}],"curies":[{"name":"wp","href":"https:\/\/api.w.org\/{rel}","templated":true}]}}