{"id":96794,"date":"2024-03-20T16:59:09","date_gmt":"2024-03-20T15:59:09","guid":{"rendered":"https:\/\/kustomshop.kinsta.cloud\/produkt\/pro-control-impact-polo-jr\/"},"modified":"2026-03-27T15:37:01","modified_gmt":"2026-03-27T14:37:01","slug":"pro-control-impact-polo-jr","status":"publish","type":"product","link":"https:\/\/shop.kustom.ch\/it\/prodotto\/pro-control-impact-polo-jr\/","title":{"rendered":"Polo Pro Control Impact Jr"},"content":{"rendered":"<p>Migliorate il vostro gioco con questa polo di alta qualit\u00e0. La Pro Control Impact Polo, realizzata in materiale leggero e traspirante, \u00e8 composta da quasi 100% di poliestere riciclato, per una migliore impronta ecologica. La polo \u00e8 dotata di colletto classico, maniche aderenti e ampio spazio per la personalizzazione con il logo del vostro club, associazione o sponsor.<br \/>\n- Materiale leggero e traspirante<br \/>\n-Apertura con 2 o 3 pulsanti<br \/>\n-Collare d'acciaio<br \/>\nManiche aderenti<br \/>\n-Spazio per loghi di club\/aziende<br \/>\n-+BQ4<\/p>\n<p>Materiale: Corpo anteriore: 100% Poliestere riciclato Corpo posteriore: 97% Poliestere riciclato 3% Poliestere<\/p>","protected":false},"excerpt":{"rendered":"<p>Intensiviere Dein Spiel mit diesem hochwertigen Polo-Shirt. Das Pro Control Impact Polo, aus leichtem, atmungsaktivem Material, besteht zu knapp 100% aus recyceltem Polyester &#8211; f\u00fcr einen besseren \u00f6kologischen Fussabdruck. Das Polo kommt mit klassischem Kragen, eng anliegenden \u00c4rmeln und viel Platz f\u00fcr die Veredelung mit deinem Club-, Vereins- oder Sponsorenlogo. \u2022 Leichtes, atmungsaktives Material \u2022\u00d6ffnung [&hellip;]<\/p>\n","protected":false},"featured_media":248819,"template":"","meta":[],"product_brand":[],"product_cat":[4193],"product_tag":[],"class_list":{"0":"post-96794","1":"product","2":"type-product","3":"status-publish","4":"has-post-thumbnail","6":"product_cat-polos","7":"pa_brand-craft-teamwear","8":"pa_brand-type-sportswear","9":"pa_filter-color-blau","10":"pa_filter-color-rot","11":"pa_filter-color-schwarz","12":"pa_filter-color-weiss","14":"first","15":"instock","16":"sale","17":"taxable","18":"shipping-taxable","19":"purchasable","20":"product-type-variable","21":"add-to-wishlist-before_image"},"exclude_global_add_ons":[],"addons":[],"acf":[],"_links":{"self":[{"href":"https:\/\/shop.kustom.ch\/it\/wp-json\/wp\/v2\/product\/96794"}],"collection":[{"href":"https:\/\/shop.kustom.ch\/it\/wp-json\/wp\/v2\/product"}],"about":[{"href":"https:\/\/shop.kustom.ch\/it\/wp-json\/wp\/v2\/types\/product"}],"wp:featuredmedia":[{"embeddable":true,"href":"https:\/\/shop.kustom.ch\/it\/wp-json\/wp\/v2\/media\/248819"}],"wp:attachment":[{"href":"https:\/\/shop.kustom.ch\/it\/wp-json\/wp\/v2\/media?parent=96794"}],"wp:term":[{"taxonomy":"product_brand","embeddable":true,"href":"https:\/\/shop.kustom.ch\/it\/wp-json\/wp\/v2\/product_brand?post=96794"},{"taxonomy":"product_cat","embeddable":true,"href":"https:\/\/shop.kustom.ch\/it\/wp-json\/wp\/v2\/product_cat?post=96794"},{"taxonomy":"product_tag","embeddable":true,"href":"https:\/\/shop.kustom.ch\/it\/wp-json\/wp\/v2\/product_tag?post=96794"}],"curies":[{"name":"wp","href":"https:\/\/api.w.org\/{rel}","templated":true}]}}