{"id":96379,"date":"2024-03-20T16:57:14","date_gmt":"2024-03-20T15:57:14","guid":{"rendered":"https:\/\/kustomshop.kinsta.cloud\/produkt\/block-shell-jkt-m\/"},"modified":"2026-03-27T14:44:35","modified_gmt":"2026-03-27T13:44:35","slug":"block-shell-jkt-m","status":"publish","type":"product","link":"https:\/\/shop.kustom.ch\/it\/prodotto\/block-shell-jkt-m\/","title":{"rendered":"Guscio di blocco jkt M"},"content":{"rendered":"<p>Versatile giacca a 3 strati in materiale antivento e impermeabile con cuciture completamente nastrate. Zip a 2 vie idrorepellente a tutta lunghezza sul davanti con protezione per il mento.<br \/>\nCappuccio regolabile con coulisse. <\/p>\n<p>- Giacca a 3 strati con cuciture completamente nastrate<br \/>\n- Tasca interna con zip nascosta<br \/>\n- Cerniere idrorepellenti<br \/>\n- WP: 7000 MVP: 7000<\/p>\n<p>Materiale: poliestere 100%<\/p>","protected":false},"excerpt":{"rendered":"<p>Vielseitige 3-Lagen Jacke aus wind- und wasserdichtem Material mit vollst\u00e4ndig getapten N\u00e4hten. Durchgehender, wasserabweisender 2-Wege-Reissverschluss vorne mit Kinnschutz. Kaputze \u00fcber Kordelzug verstellbar. \u2022 3-Lagen Jacke mit vollst\u00e4ndig getapten N\u00e4hten \u2022 Innentasche mit verdecktem Reissverschluss \u2022 Wasserabweisende Reissverschl\u00fcsse \u2022 WP: 7000 MVP: 7000 Material: 100% Polyester<\/p>","protected":false},"featured_media":248762,"template":"","meta":[],"product_brand":[],"product_cat":[4186],"product_tag":[],"class_list":{"0":"post-96379","1":"product","2":"type-product","3":"status-publish","4":"has-post-thumbnail","6":"product_cat-jacken","7":"pa_brand-craft-retail-sportswear","8":"pa_brand-type-sportswear","9":"pa_filter-color-blau","10":"pa_filter-color-grau","11":"pa_filter-color-gruen","12":"pa_filter-color-weiss","14":"first","15":"instock","16":"sale","17":"taxable","18":"shipping-taxable","19":"purchasable","20":"product-type-variable","21":"add-to-wishlist-before_image"},"exclude_global_add_ons":[],"addons":[],"acf":[],"_links":{"self":[{"href":"https:\/\/shop.kustom.ch\/it\/wp-json\/wp\/v2\/product\/96379"}],"collection":[{"href":"https:\/\/shop.kustom.ch\/it\/wp-json\/wp\/v2\/product"}],"about":[{"href":"https:\/\/shop.kustom.ch\/it\/wp-json\/wp\/v2\/types\/product"}],"wp:featuredmedia":[{"embeddable":true,"href":"https:\/\/shop.kustom.ch\/it\/wp-json\/wp\/v2\/media\/248762"}],"wp:attachment":[{"href":"https:\/\/shop.kustom.ch\/it\/wp-json\/wp\/v2\/media?parent=96379"}],"wp:term":[{"taxonomy":"product_brand","embeddable":true,"href":"https:\/\/shop.kustom.ch\/it\/wp-json\/wp\/v2\/product_brand?post=96379"},{"taxonomy":"product_cat","embeddable":true,"href":"https:\/\/shop.kustom.ch\/it\/wp-json\/wp\/v2\/product_cat?post=96379"},{"taxonomy":"product_tag","embeddable":true,"href":"https:\/\/shop.kustom.ch\/it\/wp-json\/wp\/v2\/product_tag?post=96379"}],"curies":[{"name":"wp","href":"https:\/\/api.w.org\/{rel}","templated":true}]}}