{"id":96143,"date":"2024-03-20T16:55:43","date_gmt":"2024-03-20T15:55:43","guid":{"rendered":"https:\/\/kustomshop.kinsta.cloud\/produkt\/run-warm-sock\/"},"modified":"2026-03-27T13:30:17","modified_gmt":"2026-03-27T12:30:17","slug":"run-warm-sock","status":"publish","type":"product","link":"https:\/\/shop.kustom.ch\/it\/prodotto\/run-warm-sock\/","title":{"rendered":"Calzino caldo da corsa"},"content":{"rendered":"<p>Calze da running per le giornate fredde con eccellente trasporto dell'umidit\u00e0, vestibilit\u00e0 ergonomica e protezione elastica dell'arco plantare per un sostegno, una vestibilit\u00e0 e un comfort eccezionali.<br \/>\n- Calzata ergonomica per piede destro e sinistro<br \/>\n\u2022 Protezione elastica dell'arco plantare per una tenuta migliore e una calzata ottimale<\/p>\n<p>Materiale: 70% poliammide 26% lana 4% elastan<\/p>","protected":false},"excerpt":{"rendered":"<p>Laufsocken f\u00fcr kalte Tage mit hervorragendem Feuchtigkeitstransport, ergonomischer Passform und elastischer Fussgew\u00f6lbeschutz f\u00fcr einen hervorragenden Halt, Sitz und Komfort. \u2022 Ergonomische Passform f\u00fcr linken und rechten Fuss \u2022 Elastischer Fussgew\u00f6lbeschutz f\u00fcr besseren Halt und optimalen Sitz Material: 70% Polyamid 26% Wolle 4% Elastan<\/p>","protected":false},"featured_media":248725,"template":"","meta":[],"product_brand":[],"product_cat":[4199],"product_tag":[],"class_list":{"0":"post-96143","1":"product","2":"type-product","3":"status-publish","4":"has-post-thumbnail","6":"product_cat-socken","7":"pa_brand-craft-retail-sportswear","8":"pa_brand-type-sportswear","9":"pa_filter-color-schwarz","10":"pa_filter-color-weiss","12":"first","13":"instock","14":"sale","15":"taxable","16":"shipping-taxable","17":"purchasable","18":"product-type-variable","19":"add-to-wishlist-before_image"},"exclude_global_add_ons":[],"addons":[],"acf":[],"_links":{"self":[{"href":"https:\/\/shop.kustom.ch\/it\/wp-json\/wp\/v2\/product\/96143"}],"collection":[{"href":"https:\/\/shop.kustom.ch\/it\/wp-json\/wp\/v2\/product"}],"about":[{"href":"https:\/\/shop.kustom.ch\/it\/wp-json\/wp\/v2\/types\/product"}],"wp:featuredmedia":[{"embeddable":true,"href":"https:\/\/shop.kustom.ch\/it\/wp-json\/wp\/v2\/media\/248725"}],"wp:attachment":[{"href":"https:\/\/shop.kustom.ch\/it\/wp-json\/wp\/v2\/media?parent=96143"}],"wp:term":[{"taxonomy":"product_brand","embeddable":true,"href":"https:\/\/shop.kustom.ch\/it\/wp-json\/wp\/v2\/product_brand?post=96143"},{"taxonomy":"product_cat","embeddable":true,"href":"https:\/\/shop.kustom.ch\/it\/wp-json\/wp\/v2\/product_cat?post=96143"},{"taxonomy":"product_tag","embeddable":true,"href":"https:\/\/shop.kustom.ch\/it\/wp-json\/wp\/v2\/product_tag?post=96143"}],"curies":[{"name":"wp","href":"https:\/\/api.w.org\/{rel}","templated":true}]}}