{"id":96109,"date":"2024-03-20T16:55:32","date_gmt":"2024-03-20T15:55:32","guid":{"rendered":"https:\/\/kustomshop.kinsta.cloud\/produkt\/pursuit-thermal-jacket-w\/"},"modified":"2026-03-27T13:30:15","modified_gmt":"2026-03-27T12:30:15","slug":"pursuit-thermal-jacket-w","status":"publish","type":"product","link":"https:\/\/shop.kustom.ch\/it\/prodotto\/pursuit-thermal-jacket-w\/","title":{"rendered":"Giacca termica Pursuit W"},"content":{"rendered":"<p>Giacca da sci con cappuccio, imbottitura sul davanti, maniche raglan e vita elasticizzata a costine.<br \/>\n- Leggera imbottitura sulla parte anteriore del corpo per un maggiore calore e comfort.<br \/>\n- Cappuccio regolabile e foderato per una buona protezione, un maggiore calore e un maggiore comfort.<br \/>\n- Materiale traspirante 3L sulla parte inferiore del davanti, sulle maniche e sulla schiena<br \/>\n- Tasche laterali con zip<br \/>\n- Vita elasticizzata e a costine per una vestibilit\u00e0 perfetta<br \/>\n- Maniche raglan per una libert\u00e0 di movimento illimitata<\/p>\n<p>Materiale: Parte superiore del corpo anteriore: poliestere 100% Parte inferiore del corpo anteriore, maniche e retro: Viso 100% poliestere riciclato Retro 100% poliuretano<\/p>","protected":false},"excerpt":{"rendered":"<p>Kapuzen-Skijacke mit Polsterung vorne, Raglan\u00e4rmeln und elastischem, geripptem Bund. \u2022 Leichte Polsterung am vorderen Oberk\u00f6rper f\u00fcr zus\u00e4tzliche W\u00e4rme und erh\u00f6hten Komfort \u2022 Verstellbare, gef\u00fctterte Kapuze f\u00fcr guten Schutz, zus\u00e4tzliche W\u00e4rme und erh\u00f6hten Komfort \u2022 Atmungsaktives 3L-Material auf der unteren Vorderseite, an den \u00c4rmeln und im R\u00fccken \u2022 Seitentaschen mit Reissverschluss \u2022 Elastischer, gerippter Bund f\u00fcr [&hellip;]<\/p>\n","protected":false},"featured_media":248721,"template":"","meta":[],"product_brand":[],"product_cat":[4186],"product_tag":[],"class_list":{"0":"post-96109","1":"product","2":"type-product","3":"status-publish","4":"has-post-thumbnail","6":"product_cat-jacken","7":"pa_brand-craft-retail-sportswear","8":"pa_brand-type-sportswear","9":"pa_filter-color-beige","10":"pa_filter-color-gruen","11":"pa_filter-color-schwarz","13":"first","14":"instock","15":"sale","16":"taxable","17":"shipping-taxable","18":"purchasable","19":"product-type-variable","20":"add-to-wishlist-before_image"},"exclude_global_add_ons":[],"addons":[],"acf":[],"_links":{"self":[{"href":"https:\/\/shop.kustom.ch\/it\/wp-json\/wp\/v2\/product\/96109"}],"collection":[{"href":"https:\/\/shop.kustom.ch\/it\/wp-json\/wp\/v2\/product"}],"about":[{"href":"https:\/\/shop.kustom.ch\/it\/wp-json\/wp\/v2\/types\/product"}],"wp:featuredmedia":[{"embeddable":true,"href":"https:\/\/shop.kustom.ch\/it\/wp-json\/wp\/v2\/media\/248721"}],"wp:attachment":[{"href":"https:\/\/shop.kustom.ch\/it\/wp-json\/wp\/v2\/media?parent=96109"}],"wp:term":[{"taxonomy":"product_brand","embeddable":true,"href":"https:\/\/shop.kustom.ch\/it\/wp-json\/wp\/v2\/product_brand?post=96109"},{"taxonomy":"product_cat","embeddable":true,"href":"https:\/\/shop.kustom.ch\/it\/wp-json\/wp\/v2\/product_cat?post=96109"},{"taxonomy":"product_tag","embeddable":true,"href":"https:\/\/shop.kustom.ch\/it\/wp-json\/wp\/v2\/product_tag?post=96109"}],"curies":[{"name":"wp","href":"https:\/\/api.w.org\/{rel}","templated":true}]}}