{"id":96092,"date":"2024-03-20T16:55:24","date_gmt":"2024-03-20T15:55:24","guid":{"rendered":"https:\/\/kustomshop.kinsta.cloud\/produkt\/storm-balance-jacket-w\/"},"modified":"2026-03-27T13:52:14","modified_gmt":"2026-03-27T12:52:14","slug":"storm-balance-jacket-w","status":"publish","type":"product","link":"https:\/\/shop.kustom.ch\/it\/prodotto\/storm-balance-jacket-w\/","title":{"rendered":"Giacca Storm Balance W"},"content":{"rendered":"<p>Calda giacca in materiale riciclato con parte anteriore antivento e maniche preformate.<br \/>\n- Materiale elasticizzato, leggero e antivento sul davanti e sul retro, 50 poliestere riciclato %<br \/>\n- Pile spazzolato in poliestere riciclato 100 %<br \/>\n- Leggera imbottitura sul davanti e sul retro per un maggiore calore e comfort.<br \/>\n- Manicotti preformati<br \/>\n- Strisce e stampe riflettenti sulla parte anteriore e posteriore<br \/>\n- Due tasche anteriori con zip<br \/>\n- Pile flessibile spazzolato all'interno del colletto<\/p>\n<p>Materiale: Corpo anteriore e maniche: Viso: 100% poliestere riciclato Dorso: 100% poliuretano Imbottitura: 100% poliestere Fodera: 100% poliestere Corpo posteriore: 100% poliestere riciclato<\/p>","protected":false},"excerpt":{"rendered":"<p>Warme Jacke aus Recycling-Material mit winddichter Vorderseite und vorgeformten \u00c4rmeln. \u2022 Elastisches, leichtes, winddichtes Material vorne und hinten, 50\u00a0% Recyclingpolyester \u2022 Angerautes Fleece aus 100\u00a0% Recyclingpolyester \u2022 Leichte Polsterung vorne und hinten f\u00fcr zus\u00e4tzliche W\u00e4rme und erh\u00f6hten Komfort \u2022 Vorgeformte \u00c4rmel \u2022 Reflektierende Streifen und Prints vorne und hinten \u2022 Zwei Fronttaschen mit Reissverschluss \u2022 [&hellip;]<\/p>\n","protected":false},"featured_media":248719,"template":"","meta":[],"product_brand":[],"product_cat":[4186],"product_tag":[],"class_list":{"0":"post-96092","1":"product","2":"type-product","3":"status-publish","4":"has-post-thumbnail","6":"product_cat-jacken","7":"pa_brand-craft-retail-sportswear","8":"pa_brand-type-sportswear","9":"pa_filter-color-blau","10":"pa_filter-color-pink","12":"first","13":"instock","14":"sale","15":"taxable","16":"shipping-taxable","17":"purchasable","18":"product-type-variable","19":"add-to-wishlist-before_image"},"exclude_global_add_ons":[],"addons":[],"acf":[],"_links":{"self":[{"href":"https:\/\/shop.kustom.ch\/it\/wp-json\/wp\/v2\/product\/96092"}],"collection":[{"href":"https:\/\/shop.kustom.ch\/it\/wp-json\/wp\/v2\/product"}],"about":[{"href":"https:\/\/shop.kustom.ch\/it\/wp-json\/wp\/v2\/types\/product"}],"wp:featuredmedia":[{"embeddable":true,"href":"https:\/\/shop.kustom.ch\/it\/wp-json\/wp\/v2\/media\/248719"}],"wp:attachment":[{"href":"https:\/\/shop.kustom.ch\/it\/wp-json\/wp\/v2\/media?parent=96092"}],"wp:term":[{"taxonomy":"product_brand","embeddable":true,"href":"https:\/\/shop.kustom.ch\/it\/wp-json\/wp\/v2\/product_brand?post=96092"},{"taxonomy":"product_cat","embeddable":true,"href":"https:\/\/shop.kustom.ch\/it\/wp-json\/wp\/v2\/product_cat?post=96092"},{"taxonomy":"product_tag","embeddable":true,"href":"https:\/\/shop.kustom.ch\/it\/wp-json\/wp\/v2\/product_tag?post=96092"}],"curies":[{"name":"wp","href":"https:\/\/api.w.org\/{rel}","templated":true}]}}