{"id":96013,"date":"2024-03-20T16:54:52","date_gmt":"2024-03-20T15:54:52","guid":{"rendered":"https:\/\/kustomshop.kinsta.cloud\/produkt\/fuseknit-bike-boxer-w\/"},"modified":"2026-03-27T14:07:59","modified_gmt":"2026-03-27T13:07:59","slug":"fuseknit-bike-boxer-w","status":"publish","type":"product","link":"https:\/\/shop.kustom.ch\/it\/prodotto\/fuseknit-bike-boxer-w\/","title":{"rendered":"Fuseknit Bike Boxer W"},"content":{"rendered":"<p>Pantaloncini da ciclista elasticizzati con finitura senza cuciture da indossare sotto i pantaloncini da ciclismo.<\/p>\n<p>- Pantaloncini comodi da indossare sotto i pantaloncini larghi o i pantaloncini da ciclismo o se \u00e8 necessaria un'imbottitura supplementare<br \/>\n- Materiale altamente elasticizzato per una vestibilit\u00e0 perfetta e una libert\u00e0 di movimento illimitata<br \/>\n- Eccellente trasporto dell'umidit\u00e0<br \/>\n- Design ergonomico per una vestibilit\u00e0 ottimale in posizione di gara<br \/>\n- Cuscino da donna Infinity C4<\/p>\n<p>Materiale: 76% Poliestere riciclato, 18% Poliammide, 6% Elastan<\/p>","protected":false},"excerpt":{"rendered":"<p>Elastische Biker-Shorts mit nahtloser Verarbeitung zum Tragen unter der Radhose. &#8211; Bequeme Shorts zum Anziehen unter weiten Shorts oder unter der Radhose oder bei Bedarf an zus\u00e4tzlicher Polsterung &#8211; Hochelastisches Material f\u00fcr einen optimalen Sitz und uneingeschr\u00e4nkte Bewegungsfreiheit &#8211; Hervorragender Feuchtigkeitstransport &#8211; Ergonomisches Design f\u00fcr einen optimalen Sitz in Rennposition &#8211; Damen-Sitzpolster Infinity C4 Material: [&hellip;]<\/p>\n","protected":false},"featured_media":248709,"template":"","meta":[],"product_brand":[],"product_cat":[4206],"product_tag":[],"class_list":{"0":"post-96013","1":"product","2":"type-product","3":"status-publish","4":"has-post-thumbnail","6":"product_cat-underwear","7":"pa_brand-craft-retail-sportswear","8":"pa_brand-type-sportswear","9":"pa_filter-color-schwarz","11":"first","12":"instock","13":"sale","14":"taxable","15":"shipping-taxable","16":"purchasable","17":"product-type-variable","18":"add-to-wishlist-before_image"},"exclude_global_add_ons":[],"addons":[],"acf":[],"_links":{"self":[{"href":"https:\/\/shop.kustom.ch\/it\/wp-json\/wp\/v2\/product\/96013"}],"collection":[{"href":"https:\/\/shop.kustom.ch\/it\/wp-json\/wp\/v2\/product"}],"about":[{"href":"https:\/\/shop.kustom.ch\/it\/wp-json\/wp\/v2\/types\/product"}],"wp:featuredmedia":[{"embeddable":true,"href":"https:\/\/shop.kustom.ch\/it\/wp-json\/wp\/v2\/media\/248709"}],"wp:attachment":[{"href":"https:\/\/shop.kustom.ch\/it\/wp-json\/wp\/v2\/media?parent=96013"}],"wp:term":[{"taxonomy":"product_brand","embeddable":true,"href":"https:\/\/shop.kustom.ch\/it\/wp-json\/wp\/v2\/product_brand?post=96013"},{"taxonomy":"product_cat","embeddable":true,"href":"https:\/\/shop.kustom.ch\/it\/wp-json\/wp\/v2\/product_cat?post=96013"},{"taxonomy":"product_tag","embeddable":true,"href":"https:\/\/shop.kustom.ch\/it\/wp-json\/wp\/v2\/product_tag?post=96013"}],"curies":[{"name":"wp","href":"https:\/\/api.w.org\/{rel}","templated":true}]}}