{"id":95217,"date":"2024-03-20T16:51:18","date_gmt":"2024-03-20T15:51:18","guid":{"rendered":"https:\/\/kustomshop.kinsta.cloud\/produkt\/rush-ls-tee-w\/"},"modified":"2026-03-27T15:41:53","modified_gmt":"2026-03-27T14:41:53","slug":"rush-ls-tee-w","status":"publish","type":"product","link":"https:\/\/shop.kustom.ch\/it\/prodotto\/rush-ls-tee-w\/","title":{"rendered":"Rush LS Tee W"},"content":{"rendered":"<p>Maglia a maniche lunghe in materiale leggero e funzionale. Efficiente traspirazione dell'umidit\u00e0. Gli inserti in rete nell'area ascellare garantiscono una maggiore ventilazione. Perfetta per essere marchiata con il logo del club, dello sponsor o dell'azienda.<\/p>\n<p>Materiale: poliestere 100%<\/p>","protected":false},"excerpt":{"rendered":"<p>Langarmshirt aus leichtem und funktionellem Material. Effizienter Feuchtigkeitsabtransport. Netz-Eins\u00e4tze im Achselbereich sorgen f\u00fcr zus\u00e4tzliche Bel\u00fcftung. Perfekt f\u00fcr das Branding mit Club-, Sponsor- oder Firmenlogos. Material: 100% Polyester<\/p>","protected":false},"featured_media":248591,"template":"","meta":[],"product_brand":[],"product_cat":[4191],"product_tag":[],"class_list":{"0":"post-95217","1":"product","2":"type-product","3":"status-publish","4":"has-post-thumbnail","6":"product_cat-longsleeves-sweatshirts","7":"pa_brand-craft-teamwear","8":"pa_brand-type-sportswear","9":"pa_filter-color-blau","10":"pa_filter-color-gruen","11":"pa_filter-color-rot","12":"pa_filter-color-schwarz","13":"pa_filter-color-weiss","15":"first","16":"instock","17":"sale","18":"taxable","19":"shipping-taxable","20":"purchasable","21":"product-type-variable","22":"add-to-wishlist-before_image"},"exclude_global_add_ons":[],"addons":[],"acf":[],"_links":{"self":[{"href":"https:\/\/shop.kustom.ch\/it\/wp-json\/wp\/v2\/product\/95217"}],"collection":[{"href":"https:\/\/shop.kustom.ch\/it\/wp-json\/wp\/v2\/product"}],"about":[{"href":"https:\/\/shop.kustom.ch\/it\/wp-json\/wp\/v2\/types\/product"}],"wp:featuredmedia":[{"embeddable":true,"href":"https:\/\/shop.kustom.ch\/it\/wp-json\/wp\/v2\/media\/248591"}],"wp:attachment":[{"href":"https:\/\/shop.kustom.ch\/it\/wp-json\/wp\/v2\/media?parent=95217"}],"wp:term":[{"taxonomy":"product_brand","embeddable":true,"href":"https:\/\/shop.kustom.ch\/it\/wp-json\/wp\/v2\/product_brand?post=95217"},{"taxonomy":"product_cat","embeddable":true,"href":"https:\/\/shop.kustom.ch\/it\/wp-json\/wp\/v2\/product_cat?post=95217"},{"taxonomy":"product_tag","embeddable":true,"href":"https:\/\/shop.kustom.ch\/it\/wp-json\/wp\/v2\/product_tag?post=95217"}],"curies":[{"name":"wp","href":"https:\/\/api.w.org\/{rel}","templated":true}]}}