{"id":95074,"date":"2024-03-20T16:50:45","date_gmt":"2024-03-20T15:50:45","guid":{"rendered":"https:\/\/kustomshop.kinsta.cloud\/produkt\/rush-ss-tee-w\/"},"modified":"2026-03-27T15:41:08","modified_gmt":"2026-03-27T14:41:08","slug":"rush-ss-tee-w","status":"publish","type":"product","link":"https:\/\/shop.kustom.ch\/it\/prodotto\/rush-ss-tee-w\/","title":{"rendered":"Rush SS Tee W"},"content":{"rendered":"<p>T-shirt leggera realizzata in materiale funzionale con un'efficace traspirazione dell'umidit\u00e0. Gli inserti in rete sotto le ascelle garantiscono una maggiore ventilazione. Perfetta per essere marchiata con il logo del club, dello sponsor o dell'azienda.<\/p>\n<p>Materiale: poliestere 100%<\/p>","protected":false},"excerpt":{"rendered":"<p>Leichtes T-Shirt aus funktionellem Material mit effizientem Feuchtigkeitsabtransport. Mesh-Eins\u00e4tze unter den Achseln sorgen f\u00fcr zus\u00e4tzliche Bel\u00fcftung. Perfekt f\u00fcr das Branding mit Club-, Sponsor- oder Firmenlogos. Material: 100% Polyester<\/p>","protected":false},"featured_media":248571,"template":"","meta":[],"product_brand":[],"product_cat":[4201],"product_tag":[],"class_list":{"0":"post-95074","1":"product","2":"type-product","3":"status-publish","4":"has-post-thumbnail","6":"product_cat-t-shirts","7":"pa_brand-craft-teamwear","8":"pa_brand-type-sportswear","9":"pa_filter-color-blau","10":"pa_filter-color-gruen","11":"pa_filter-color-rot","12":"pa_filter-color-schwarz","13":"pa_filter-color-weiss","15":"first","16":"instock","17":"sale","18":"taxable","19":"shipping-taxable","20":"purchasable","21":"product-type-variable","22":"add-to-wishlist-before_image"},"exclude_global_add_ons":[],"addons":[],"acf":[],"_links":{"self":[{"href":"https:\/\/shop.kustom.ch\/it\/wp-json\/wp\/v2\/product\/95074"}],"collection":[{"href":"https:\/\/shop.kustom.ch\/it\/wp-json\/wp\/v2\/product"}],"about":[{"href":"https:\/\/shop.kustom.ch\/it\/wp-json\/wp\/v2\/types\/product"}],"wp:featuredmedia":[{"embeddable":true,"href":"https:\/\/shop.kustom.ch\/it\/wp-json\/wp\/v2\/media\/248571"}],"wp:attachment":[{"href":"https:\/\/shop.kustom.ch\/it\/wp-json\/wp\/v2\/media?parent=95074"}],"wp:term":[{"taxonomy":"product_brand","embeddable":true,"href":"https:\/\/shop.kustom.ch\/it\/wp-json\/wp\/v2\/product_brand?post=95074"},{"taxonomy":"product_cat","embeddable":true,"href":"https:\/\/shop.kustom.ch\/it\/wp-json\/wp\/v2\/product_cat?post=95074"},{"taxonomy":"product_tag","embeddable":true,"href":"https:\/\/shop.kustom.ch\/it\/wp-json\/wp\/v2\/product_tag?post=95074"}],"curies":[{"name":"wp","href":"https:\/\/api.w.org\/{rel}","templated":true}]}}