{"id":94961,"date":"2024-03-20T16:50:14","date_gmt":"2024-03-20T15:50:14","guid":{"rendered":"https:\/\/kustomshop.kinsta.cloud\/produkt\/motion-bra\/"},"modified":"2026-03-27T13:16:30","modified_gmt":"2026-03-27T12:16:30","slug":"motion-bra","status":"publish","type":"product","link":"https:\/\/shop.kustom.ch\/it\/prodotto\/motion-bra\/","title":{"rendered":"Reggiseno di movimento"},"content":{"rendered":"<p>Reggiseno imbottito per un comfort ottimale e il massimo mantenimento della forma. Vestibilit\u00e0 aderente per allenamenti medio-intensi.<\/p>\n<p>- Vestibilit\u00e0 aderente per allenamenti di media intensit\u00e0 o intensivi<br \/>\n- Cinghie regolabili<br \/>\n- Materiale traspirante per il massimo comfort<\/p>\n<p>Materiale: Corpo anteriore: 88% Poliestere riciclato 12% Elastane Corpo posteriore: 88% Poliestere riciclato 12% Elastane Fodera: 72% Poliammide riciclata 28% Elastane<\/p>","protected":false},"excerpt":{"rendered":"<p>Gepolsterter BH f\u00fcr einen optimalen Tragekomfort und maximaler Formbest\u00e4ndigkeit. Enge Passform f\u00fcr mittelintensives bis intensives Training. &#8211; Enge Passform f\u00fcr mittelintensives bis intensives Training &#8211; Verstellbare Tr\u00e4ger &#8211; Feuchtigkeitstransportierendes Material f\u00fcr h\u00f6chsten Komfort Material: Front Body: 88% Polyester-Recycled 12% Elastane Back Body: 88% Polyester-Recycled 12% Elastane Lining: 72% Polyamide-Recycled 28% Elastane<\/p>","protected":false},"featured_media":248557,"template":"","meta":[],"product_brand":[],"product_cat":[4206],"product_tag":[],"class_list":{"0":"post-94961","1":"product","2":"type-product","3":"status-publish","4":"has-post-thumbnail","6":"product_cat-underwear","7":"pa_brand-craft-retail-sportswear","8":"pa_brand-type-sportswear","9":"pa_filter-color-schwarz","11":"first","12":"instock","13":"sale","14":"taxable","15":"shipping-taxable","16":"purchasable","17":"product-type-variable","18":"add-to-wishlist-before_image"},"exclude_global_add_ons":[],"addons":[],"acf":[],"_links":{"self":[{"href":"https:\/\/shop.kustom.ch\/it\/wp-json\/wp\/v2\/product\/94961"}],"collection":[{"href":"https:\/\/shop.kustom.ch\/it\/wp-json\/wp\/v2\/product"}],"about":[{"href":"https:\/\/shop.kustom.ch\/it\/wp-json\/wp\/v2\/types\/product"}],"wp:featuredmedia":[{"embeddable":true,"href":"https:\/\/shop.kustom.ch\/it\/wp-json\/wp\/v2\/media\/248557"}],"wp:attachment":[{"href":"https:\/\/shop.kustom.ch\/it\/wp-json\/wp\/v2\/media?parent=94961"}],"wp:term":[{"taxonomy":"product_brand","embeddable":true,"href":"https:\/\/shop.kustom.ch\/it\/wp-json\/wp\/v2\/product_brand?post=94961"},{"taxonomy":"product_cat","embeddable":true,"href":"https:\/\/shop.kustom.ch\/it\/wp-json\/wp\/v2\/product_cat?post=94961"},{"taxonomy":"product_tag","embeddable":true,"href":"https:\/\/shop.kustom.ch\/it\/wp-json\/wp\/v2\/product_tag?post=94961"}],"curies":[{"name":"wp","href":"https:\/\/api.w.org\/{rel}","templated":true}]}}