{"id":94905,"date":"2024-03-20T16:49:59","date_gmt":"2024-03-20T15:49:59","guid":{"rendered":"https:\/\/kustomshop.kinsta.cloud\/produkt\/bike-jr-glove\/"},"modified":"2026-03-27T13:22:57","modified_gmt":"2026-03-27T12:22:57","slug":"bike-jr-glove","status":"publish","type":"product","link":"https:\/\/shop.kustom.ch\/it\/prodotto\/bike-jr-glove\/","title":{"rendered":"Guanto Bike Jr"},"content":{"rendered":"<p>Guanti da motociclista con inserti in gel nei punti di pressione e inserti elasticizzati per una vestibilit\u00e0 ottimale.<\/p>\n<p>- Inserti in gel nei punti di pressione per un maggiore comfort e una migliore protezione<br \/>\n- Dita corte<br \/>\n- Chiusura in velcro<br \/>\n- Materiale speciale sui palmi per una presa ottimale<br \/>\n- Rete in lycra elasticizzata e morbida sul dorso della mano per una ventilazione efficace e una vestibilit\u00e0 perfetta<br \/>\n- Morbido tessuto di spugna sul pollice per assorbire il sudore<br \/>\n- Design sofisticato<\/p>\n<p>Materiale: Dorso: 90% poliestere, 10% elastan, palmo: 60% poliuretano, 40% poliestere<\/p>","protected":false},"excerpt":{"rendered":"<p>Biker-Handschuhe mit Geleins\u00e4tzen an den Druckstellen und elastischen Eins\u00e4tzen f\u00fcr einen optimalen Sitz. &#8211; Geleins\u00e4tze an den Druckstellen f\u00fcr zus\u00e4tzlichen Komfort und besseren Schutz &#8211; Kurze Finger &#8211; Klettverschluss &#8211; Spezielles Material auf den Handinnenseiten f\u00fcr optimalen Grip &#8211; Elastisches, weiches Lycra-Mesh auf dem Handr\u00fccken f\u00fcr effiziente Ventilation und perfekten Sitz &#8211; Weiches Frottee beim [&hellip;]<\/p>\n","protected":false},"featured_media":248550,"template":"","meta":[],"product_brand":[],"product_cat":[4180],"product_tag":[],"class_list":{"0":"post-94905","1":"product","2":"type-product","3":"status-publish","4":"has-post-thumbnail","6":"product_cat-handschuhe","7":"pa_brand-craft-retail-sportswear","8":"pa_brand-type-sportswear","9":"pa_filter-color-schwarz","11":"first","12":"instock","13":"sale","14":"taxable","15":"shipping-taxable","16":"purchasable","17":"product-type-variable","18":"add-to-wishlist-before_image"},"exclude_global_add_ons":[],"addons":[],"acf":[],"_links":{"self":[{"href":"https:\/\/shop.kustom.ch\/it\/wp-json\/wp\/v2\/product\/94905"}],"collection":[{"href":"https:\/\/shop.kustom.ch\/it\/wp-json\/wp\/v2\/product"}],"about":[{"href":"https:\/\/shop.kustom.ch\/it\/wp-json\/wp\/v2\/types\/product"}],"wp:featuredmedia":[{"embeddable":true,"href":"https:\/\/shop.kustom.ch\/it\/wp-json\/wp\/v2\/media\/248550"}],"wp:attachment":[{"href":"https:\/\/shop.kustom.ch\/it\/wp-json\/wp\/v2\/media?parent=94905"}],"wp:term":[{"taxonomy":"product_brand","embeddable":true,"href":"https:\/\/shop.kustom.ch\/it\/wp-json\/wp\/v2\/product_brand?post=94905"},{"taxonomy":"product_cat","embeddable":true,"href":"https:\/\/shop.kustom.ch\/it\/wp-json\/wp\/v2\/product_cat?post=94905"},{"taxonomy":"product_tag","embeddable":true,"href":"https:\/\/shop.kustom.ch\/it\/wp-json\/wp\/v2\/product_tag?post=94905"}],"curies":[{"name":"wp","href":"https:\/\/api.w.org\/{rel}","templated":true}]}}