{"id":94804,"date":"2024-03-20T16:49:30","date_gmt":"2024-03-20T15:49:30","guid":{"rendered":"https:\/\/kustomshop.kinsta.cloud\/produkt\/essence-hot-pants-w\/"},"modified":"2026-03-27T13:58:57","modified_gmt":"2026-03-27T12:58:57","slug":"essence-hot-pants-w","status":"publish","type":"product","link":"https:\/\/shop.kustom.ch\/it\/prodotto\/essence-hot-pants-w\/","title":{"rendered":"Essence Hot Pants W"},"content":{"rendered":"<p>Hot pants elasticizzati con eccellenti propriet\u00e0 di controllo del corpo, vita elastica e cuciture piatte.<\/p>\n<p>- Materiale morbido, elastico e resistente<br \/>\n- Materiale di compressione Lycra-Sport-Energy\u00ae con elasticit\u00e0 in quattro direzioni per ridurre le vibrazioni muscolari e concentrare la potenza per un maggiore comfort e un eccellente controllo.<br \/>\n- Morbida fascia in vita preformata sul davanti per un maggiore comfort<br \/>\n- Materiale ampio, morbido ed elasticizzato a 2 strati alle estremit\u00e0 delle gambe e rivestimento in silicone per un'ottima vestibilit\u00e0<br \/>\n- Fattore di protezione UV 50+<br \/>\n- Poliammide riciclata<br \/>\n- Logo riflettente<br \/>\n- Cuscino da donna Infinity C3<br \/>\n- Lunghezza interna della gamba 11 cm<\/p>\n<p>Materiale: 78% Poliammide riciclata, 22% Elastam<\/p>","protected":false},"excerpt":{"rendered":"<p>Stretch-Hotpants mit hervorragenden Body-Control-Eigenschaften, dehnbarem H\u00fcftbund, Flachn\u00e4hten. &#8211; Weiches, elastisches, strapazierf\u00e4higes Material &#8211; Lycra-Sport-Energy\u00ae-Kompressionsmaterial mit Elastizit\u00e4t in vier Richtungen zur Reduzierung der Muskelvibration und Konzentration der Kraft f\u00fcr erh\u00f6hten Komfort und hervorragende Kontrolle &#8211; Weicher, vorgeformter H\u00fcftbund vorne f\u00fcr zus\u00e4tzlichen Komfort &#8211; Weites, weiches und elastisches 2-Lagen-Material an den Beinenden und Silikonbeschichtung f\u00fcr hervorragenden Sitz [&hellip;]<\/p>\n","protected":false},"featured_media":248538,"template":"","meta":[],"product_brand":[],"product_cat":[4206],"product_tag":[],"class_list":{"0":"post-94804","1":"product","2":"type-product","3":"status-publish","4":"has-post-thumbnail","6":"product_cat-underwear","7":"pa_brand-craft-retail-sportswear","8":"pa_brand-type-sportswear","9":"pa_filter-color-schwarz","11":"first","12":"instock","13":"sale","14":"taxable","15":"shipping-taxable","16":"purchasable","17":"product-type-variable","18":"add-to-wishlist-before_image"},"exclude_global_add_ons":[],"addons":[],"acf":[],"_links":{"self":[{"href":"https:\/\/shop.kustom.ch\/it\/wp-json\/wp\/v2\/product\/94804"}],"collection":[{"href":"https:\/\/shop.kustom.ch\/it\/wp-json\/wp\/v2\/product"}],"about":[{"href":"https:\/\/shop.kustom.ch\/it\/wp-json\/wp\/v2\/types\/product"}],"wp:featuredmedia":[{"embeddable":true,"href":"https:\/\/shop.kustom.ch\/it\/wp-json\/wp\/v2\/media\/248538"}],"wp:attachment":[{"href":"https:\/\/shop.kustom.ch\/it\/wp-json\/wp\/v2\/media?parent=94804"}],"wp:term":[{"taxonomy":"product_brand","embeddable":true,"href":"https:\/\/shop.kustom.ch\/it\/wp-json\/wp\/v2\/product_brand?post=94804"},{"taxonomy":"product_cat","embeddable":true,"href":"https:\/\/shop.kustom.ch\/it\/wp-json\/wp\/v2\/product_cat?post=94804"},{"taxonomy":"product_tag","embeddable":true,"href":"https:\/\/shop.kustom.ch\/it\/wp-json\/wp\/v2\/product_tag?post=94804"}],"curies":[{"name":"wp","href":"https:\/\/api.w.org\/{rel}","templated":true}]}}