{"id":94788,"date":"2024-03-20T16:49:24","date_gmt":"2024-03-20T15:49:24","guid":{"rendered":"https:\/\/kustomshop.kinsta.cloud\/produkt\/core-essence-shorts-w\/"},"modified":"2026-03-27T13:57:32","modified_gmt":"2026-03-27T12:57:32","slug":"core-essence-shorts-w","status":"publish","type":"product","link":"https:\/\/shop.kustom.ch\/it\/prodotto\/core-essence-shorts-w\/","title":{"rendered":"Pantaloncini CORE Essence W"},"content":{"rendered":"<p>Pantaloncini elasticizzati e morbidi con eccellenti propriet\u00e0 di controllo del corpo, elastico in vita e cuciture piatte.<\/p>\n<p>- Materiale morbido, elasticizzato e resistente<br \/>\n- Materiale di compressione Lycra-Sport-Energy\u00ae con elasticit\u00e0 in quattro direzioni per ridurre le vibrazioni muscolari e concentrare la potenza per un maggiore comfort e un eccellente controllo.<br \/>\n- Morbida fascia in vita preformata sul davanti per un maggiore comfort<br \/>\n- Materiale ampio, morbido ed elasticizzato a 2 strati alle estremit\u00e0 delle gambe e rivestimento in silicone per un'ottima vestibilit\u00e0<br \/>\n- Fattore di protezione UV 50+<br \/>\n- Poliammide riciclata<br \/>\n- Logo riflettente<br \/>\n- Cuscino da donna Infinity C3<br \/>\n- Lunghezza interna della gamba 22 cm<\/p>\n<p>Materiale: 78% poliammide riciclata, 22% elastan<\/p>","protected":false},"excerpt":{"rendered":"<p>Elastische, weiche Shorts mit hervorragenden Body-Control-Eigenschaften, dehnbarem H\u00fcftbund, Flachn\u00e4hten. \u2022 Weiches, elastisches, strapazierf\u00e4higes Material \u2022 Lycra-Sport-Energy\u00ae-Kompressionsmaterial mit Elastizit\u00e4t in vier Richtungen zur Reduzierung der Muskelvibration und Konzentration der Kraft f\u00fcr erh\u00f6hten Komfort und hervorragende Kontrolle \u2022 Weicher, vorgeformter H\u00fcftbund vorne f\u00fcr zus\u00e4tzlichen Komfort \u2022 Weites, weiches und elastisches 2-Lagen-Material an den Beinenden und Silikonbeschichtung f\u00fcr [&hellip;]<\/p>\n","protected":false},"featured_media":248536,"template":"","meta":[],"product_brand":[],"product_cat":[4198],"product_tag":[],"class_list":{"0":"post-94788","1":"product","2":"type-product","3":"status-publish","4":"has-post-thumbnail","6":"product_cat-shorts","7":"pa_brand-craft-retail-sportswear","8":"pa_brand-type-sportswear","9":"pa_filter-color-grau","10":"pa_filter-color-schwarz","12":"first","13":"instock","14":"sale","15":"taxable","16":"shipping-taxable","17":"purchasable","18":"product-type-variable","19":"add-to-wishlist-before_image"},"exclude_global_add_ons":[],"addons":[],"acf":[],"_links":{"self":[{"href":"https:\/\/shop.kustom.ch\/it\/wp-json\/wp\/v2\/product\/94788"}],"collection":[{"href":"https:\/\/shop.kustom.ch\/it\/wp-json\/wp\/v2\/product"}],"about":[{"href":"https:\/\/shop.kustom.ch\/it\/wp-json\/wp\/v2\/types\/product"}],"wp:featuredmedia":[{"embeddable":true,"href":"https:\/\/shop.kustom.ch\/it\/wp-json\/wp\/v2\/media\/248536"}],"wp:attachment":[{"href":"https:\/\/shop.kustom.ch\/it\/wp-json\/wp\/v2\/media?parent=94788"}],"wp:term":[{"taxonomy":"product_brand","embeddable":true,"href":"https:\/\/shop.kustom.ch\/it\/wp-json\/wp\/v2\/product_brand?post=94788"},{"taxonomy":"product_cat","embeddable":true,"href":"https:\/\/shop.kustom.ch\/it\/wp-json\/wp\/v2\/product_cat?post=94788"},{"taxonomy":"product_tag","embeddable":true,"href":"https:\/\/shop.kustom.ch\/it\/wp-json\/wp\/v2\/product_tag?post=94788"}],"curies":[{"name":"wp","href":"https:\/\/api.w.org\/{rel}","templated":true}]}}