{"id":94765,"date":"2024-03-20T16:49:16","date_gmt":"2024-03-20T15:49:16","guid":{"rendered":"https:\/\/kustomshop.kinsta.cloud\/produkt\/core-essence-knickers-w\/"},"modified":"2026-03-27T14:06:25","modified_gmt":"2026-03-27T13:06:25","slug":"core-essence-knickers-w","status":"publish","type":"product","link":"https:\/\/shop.kustom.ch\/it\/prodotto\/core-essence-knickers-w\/","title":{"rendered":"CORE Essence Knickers W"},"content":{"rendered":"<p>Mutandine elasticizzate con eccellenti propriet\u00e0 di controllo del corpo, morbida fascia in vita, cuciture piatte e imbottitura C3.<\/p>\n<p>- Materiale morbido, elasticizzato e resistente<br \/>\n- Materiale a compressione energetica sportiva in Lycra\u00ae con elasticit\u00e0 in quattro direzioni per ridurre le vibrazioni muscolari e concentrare la potenza per un maggiore comfort e un eccellente controllo.<br \/>\n- Morbida fascia in vita preformata sul davanti per un maggiore comfort<br \/>\n- Materiale ampio, morbido ed elasticizzato a 2 strati alle estremit\u00e0 delle gambe e rivestimento in silicone per un'ottima vestibilit\u00e0<br \/>\n- Fattore di protezione UV 50+<br \/>\n- Poliammide riciclata<br \/>\n- Logo riflettente<br \/>\n- Infinity C3 Pad Donna<\/p>\n<p>Materiale: 78% poliammide riciclata, 22% elastan<\/p>","protected":false},"excerpt":{"rendered":"<p>Stretch-Knickers mit hervorragenden Body-Control-Eigenschaften, weichem H\u00fcftbund, Flachn\u00e4hten und C3\u00a0Pad. \u2022 Weiches, elastisches, strapazierf\u00e4higes Material \u2022 Lycra\u00ae-Sport-Energy-Kompressionsmaterial mit Elastizit\u00e4t in vier Richtungen zur Reduzierung der Muskelvibration und Konzentration der Kraft f\u00fcr erh\u00f6hten Komfort und hervorragende Kontrolle \u2022 Weicher, vorgeformter H\u00fcftbund vorne f\u00fcr zus\u00e4tzlichen Komfort \u2022 Weites, weiches und elastisches 2-Lagen-Material an den Beinenden und Silikonbeschichtung f\u00fcr [&hellip;]<\/p>\n","protected":false},"featured_media":248533,"template":"","meta":[],"product_brand":[],"product_cat":[4198],"product_tag":[],"class_list":{"0":"post-94765","1":"product","2":"type-product","3":"status-publish","4":"has-post-thumbnail","6":"product_cat-shorts","7":"pa_brand-craft-retail-sportswear","8":"pa_brand-type-sportswear","9":"pa_filter-color-schwarz","11":"first","12":"instock","13":"sale","14":"taxable","15":"shipping-taxable","16":"purchasable","17":"product-type-variable","18":"add-to-wishlist-before_image"},"exclude_global_add_ons":[],"addons":[],"acf":[],"_links":{"self":[{"href":"https:\/\/shop.kustom.ch\/it\/wp-json\/wp\/v2\/product\/94765"}],"collection":[{"href":"https:\/\/shop.kustom.ch\/it\/wp-json\/wp\/v2\/product"}],"about":[{"href":"https:\/\/shop.kustom.ch\/it\/wp-json\/wp\/v2\/types\/product"}],"wp:featuredmedia":[{"embeddable":true,"href":"https:\/\/shop.kustom.ch\/it\/wp-json\/wp\/v2\/media\/248533"}],"wp:attachment":[{"href":"https:\/\/shop.kustom.ch\/it\/wp-json\/wp\/v2\/media?parent=94765"}],"wp:term":[{"taxonomy":"product_brand","embeddable":true,"href":"https:\/\/shop.kustom.ch\/it\/wp-json\/wp\/v2\/product_brand?post=94765"},{"taxonomy":"product_cat","embeddable":true,"href":"https:\/\/shop.kustom.ch\/it\/wp-json\/wp\/v2\/product_cat?post=94765"},{"taxonomy":"product_tag","embeddable":true,"href":"https:\/\/shop.kustom.ch\/it\/wp-json\/wp\/v2\/product_tag?post=94765"}],"curies":[{"name":"wp","href":"https:\/\/api.w.org\/{rel}","templated":true}]}}