{"id":94293,"date":"2024-03-20T16:47:17","date_gmt":"2024-03-20T15:47:17","guid":{"rendered":"https:\/\/kustomshop.kinsta.cloud\/produkt\/progress-r-neck-sweater-w\/"},"modified":"2026-03-27T15:45:42","modified_gmt":"2026-03-27T14:45:42","slug":"progress-r-neck-sweater-w","status":"publish","type":"product","link":"https:\/\/shop.kustom.ch\/it\/prodotto\/progress-r-neck-sweater-w\/","title":{"rendered":"Maglione con scollo a R Progress W"},"content":{"rendered":"<p>Maglia piacevolmente morbida e confortevole, realizzata in materiale funzionale con ottime propriet\u00e0 di traspirazione.<br \/>\nVestibilit\u00e0 ergonomica ed elevata elasticit\u00e0 per un'eccellente libert\u00e0 di movimento. Perfetta per il riscaldamento e la<br \/>\nSessioni di formazione.<\/p>\n<p>Materiale: Tessuto 1: 100% Poliestere Tessuto 2: 96% Poliestere 4% Elastam<\/p>","protected":false},"excerpt":{"rendered":"<p>Angenehm weicher und bequemer Sweater aus funktionellem Material mit optimalem Feuchtigkeitsabtransport. Ergonomische Passform und hohe Elastizit\u00e4t f\u00fcr hervorragende Bewegungsfreiheit. Perfekt f\u00fcr Aufw\u00e4rm- und Trainingseinheiten. Material: Fabric 1: 100% Polyester Fabric 2: 96% Polyester 4% Elastane<\/p>","protected":false},"featured_media":248461,"template":"","meta":[],"product_brand":[],"product_cat":[4191],"product_tag":[],"class_list":{"0":"post-94293","1":"product","2":"type-product","3":"status-publish","4":"has-post-thumbnail","6":"product_cat-longsleeves-sweatshirts","7":"pa_brand-craft-teamwear","8":"pa_brand-type-sportswear","9":"pa_filter-color-blau","10":"pa_filter-color-gelb","11":"pa_filter-color-gruen","12":"pa_filter-color-rot","13":"pa_filter-color-schwarz","14":"pa_filter-color-weiss","16":"first","17":"instock","18":"sale","19":"taxable","20":"shipping-taxable","21":"purchasable","22":"product-type-variable","23":"add-to-wishlist-before_image"},"exclude_global_add_ons":[],"addons":[],"acf":[],"_links":{"self":[{"href":"https:\/\/shop.kustom.ch\/it\/wp-json\/wp\/v2\/product\/94293"}],"collection":[{"href":"https:\/\/shop.kustom.ch\/it\/wp-json\/wp\/v2\/product"}],"about":[{"href":"https:\/\/shop.kustom.ch\/it\/wp-json\/wp\/v2\/types\/product"}],"wp:featuredmedia":[{"embeddable":true,"href":"https:\/\/shop.kustom.ch\/it\/wp-json\/wp\/v2\/media\/248461"}],"wp:attachment":[{"href":"https:\/\/shop.kustom.ch\/it\/wp-json\/wp\/v2\/media?parent=94293"}],"wp:term":[{"taxonomy":"product_brand","embeddable":true,"href":"https:\/\/shop.kustom.ch\/it\/wp-json\/wp\/v2\/product_brand?post=94293"},{"taxonomy":"product_cat","embeddable":true,"href":"https:\/\/shop.kustom.ch\/it\/wp-json\/wp\/v2\/product_cat?post=94293"},{"taxonomy":"product_tag","embeddable":true,"href":"https:\/\/shop.kustom.ch\/it\/wp-json\/wp\/v2\/product_tag?post=94293"}],"curies":[{"name":"wp","href":"https:\/\/api.w.org\/{rel}","templated":true}]}}