{"id":94206,"date":"2024-03-20T16:46:56","date_gmt":"2024-03-20T15:46:56","guid":{"rendered":"https:\/\/kustomshop.kinsta.cloud\/produkt\/squad-gk-shorts-w\/"},"modified":"2026-03-27T14:55:44","modified_gmt":"2026-03-27T13:55:44","slug":"squad-gk-shorts-w","status":"publish","type":"product","link":"https:\/\/shop.kustom.ch\/it\/prodotto\/squad-gk-shorts-w\/","title":{"rendered":"Pantaloncini GK Squad W"},"content":{"rendered":"<p>Pantaloncini da portiere realizzati in materiali funzionali con eccellenti propriet\u00e0 di traspirazione. Elevata elasticit\u00e0 per una vestibilit\u00e0 ottimale e libert\u00e0 di movimento. Vita con coulisse elastica. Design classico e solido. Si adatta perfettamente alla maglia Progress GK e alla maglia Squad GK.<\/p>\n<p>Materiale: Tessuto 1: poliestere 100%<\/p>","protected":false},"excerpt":{"rendered":"<p>Torwartshorts aus funktionellen Materialien mit sehr gutem Feuchtigkeitsabtransport. Hohe Elastizit\u00e4t f\u00fcr optimale Passform und Bewegungsfreiheit. Bund mit Gummizug. Klassisches, solides Design. Passt perfekt zusammen mit Progress GK Jersey und Squad GK Jersey. Material: Fabric 1: 100% Polyester<\/p>","protected":false},"featured_media":248449,"template":"","meta":[],"product_brand":[],"product_cat":[4198],"product_tag":[],"class_list":{"0":"post-94206","1":"product","2":"type-product","3":"status-publish","4":"has-post-thumbnail","6":"product_cat-shorts","7":"pa_brand-craft-teamwear","8":"pa_brand-type-sportswear","9":"pa_filter-color-gelb","10":"pa_filter-color-gruen","11":"pa_filter-color-pink","13":"first","14":"instock","15":"sale","16":"taxable","17":"shipping-taxable","18":"purchasable","19":"product-type-variable","20":"add-to-wishlist-before_image"},"exclude_global_add_ons":[],"addons":[],"acf":[],"_links":{"self":[{"href":"https:\/\/shop.kustom.ch\/it\/wp-json\/wp\/v2\/product\/94206"}],"collection":[{"href":"https:\/\/shop.kustom.ch\/it\/wp-json\/wp\/v2\/product"}],"about":[{"href":"https:\/\/shop.kustom.ch\/it\/wp-json\/wp\/v2\/types\/product"}],"wp:featuredmedia":[{"embeddable":true,"href":"https:\/\/shop.kustom.ch\/it\/wp-json\/wp\/v2\/media\/248449"}],"wp:attachment":[{"href":"https:\/\/shop.kustom.ch\/it\/wp-json\/wp\/v2\/media?parent=94206"}],"wp:term":[{"taxonomy":"product_brand","embeddable":true,"href":"https:\/\/shop.kustom.ch\/it\/wp-json\/wp\/v2\/product_brand?post=94206"},{"taxonomy":"product_cat","embeddable":true,"href":"https:\/\/shop.kustom.ch\/it\/wp-json\/wp\/v2\/product_cat?post=94206"},{"taxonomy":"product_tag","embeddable":true,"href":"https:\/\/shop.kustom.ch\/it\/wp-json\/wp\/v2\/product_tag?post=94206"}],"curies":[{"name":"wp","href":"https:\/\/api.w.org\/{rel}","templated":true}]}}