{"id":93763,"date":"2024-03-20T16:45:11","date_gmt":"2024-03-20T15:45:11","guid":{"rendered":"https:\/\/kustomshop.kinsta.cloud\/produkt\/pro-control-compression-tights-jr\/"},"modified":"2026-03-27T15:44:04","modified_gmt":"2026-03-27T14:44:04","slug":"pro-control-compression-tights-jr","status":"publish","type":"product","link":"https:\/\/shop.kustom.ch\/it\/prodotto\/pro-control-compression-tights-jr\/","title":{"rendered":"Collant a compressione Pro Control Jr"},"content":{"rendered":"<p>Quando ci si sente bene, le prestazioni migliorano. Questi pantaloncini a compressione funzionale sono realizzati con un tessuto avanzato per il controllo del corpo che concentra la potenza muscolare e contribuisce a prestazioni ottimali. Il risultato \u00e8 una sensazione unica, in cui il corpo viene tenuto insieme in un insieme potente, pronto a lavorare al massimo delle sue capacit\u00e0. Vestibilit\u00e0 aderente ed ergonomica con vita sagomata.<\/p>\n<p>Materiale: Tessuto 1: 72% Poliammide 28% Elastam<\/p>","protected":false},"excerpt":{"rendered":"<p>Wenn du dich gut f\u00fchlst, steigt das deine Performance. Dieses funktionale Kompressions-Hose besteht aus einem fortschrittlichen Body-Control-Gewebe, das die Muskelkraft konzentriert und zur optimalen Leistung beitr\u00e4gt. Das Ergebnis ist ein einzigartiges Gef\u00fchl, bei dem du erlebst, dass dein K\u00f6rper zu einem kraftvollen Ganzen zusammengehalten wird &#8211; das er bereit ist, mit maximaler Kapazit\u00e4t zu arbeiten. [&hellip;]<\/p>\n","protected":false},"featured_media":248375,"template":"","meta":[],"product_brand":[],"product_cat":[4206],"product_tag":[],"class_list":{"0":"post-93763","1":"product","2":"type-product","3":"status-publish","4":"has-post-thumbnail","6":"product_cat-underwear","7":"pa_brand-craft-teamwear","8":"pa_brand-type-sportswear","9":"pa_filter-color-schwarz","11":"first","12":"instock","13":"sale","14":"taxable","15":"shipping-taxable","16":"purchasable","17":"product-type-variable","18":"add-to-wishlist-before_image"},"exclude_global_add_ons":[],"addons":[],"acf":[],"_links":{"self":[{"href":"https:\/\/shop.kustom.ch\/it\/wp-json\/wp\/v2\/product\/93763"}],"collection":[{"href":"https:\/\/shop.kustom.ch\/it\/wp-json\/wp\/v2\/product"}],"about":[{"href":"https:\/\/shop.kustom.ch\/it\/wp-json\/wp\/v2\/types\/product"}],"wp:featuredmedia":[{"embeddable":true,"href":"https:\/\/shop.kustom.ch\/it\/wp-json\/wp\/v2\/media\/248375"}],"wp:attachment":[{"href":"https:\/\/shop.kustom.ch\/it\/wp-json\/wp\/v2\/media?parent=93763"}],"wp:term":[{"taxonomy":"product_brand","embeddable":true,"href":"https:\/\/shop.kustom.ch\/it\/wp-json\/wp\/v2\/product_brand?post=93763"},{"taxonomy":"product_cat","embeddable":true,"href":"https:\/\/shop.kustom.ch\/it\/wp-json\/wp\/v2\/product_cat?post=93763"},{"taxonomy":"product_tag","embeddable":true,"href":"https:\/\/shop.kustom.ch\/it\/wp-json\/wp\/v2\/product_tag?post=93763"}],"curies":[{"name":"wp","href":"https:\/\/api.w.org\/{rel}","templated":true}]}}