{"id":93187,"date":"2024-03-20T16:42:51","date_gmt":"2024-03-20T15:42:51","guid":{"rendered":"https:\/\/kustomshop.kinsta.cloud\/produkt\/pro-control-9-boxer-m\/"},"modified":"2026-03-27T14:42:09","modified_gmt":"2026-03-27T13:42:09","slug":"pro-control-9-boxer-m","status":"publish","type":"product","link":"https:\/\/shop.kustom.ch\/it\/prodotto\/pro-control-9-boxer-m\/","title":{"rendered":"Boxer Pro Control 9\u2033 M"},"content":{"rendered":"<p>Boxer aderenti e sottili da 9 pollici con inserto in rete per un raffreddamento eccezionale.<\/p>\n<p>Materiale: 88% poliestere 12% elastan<\/p>","protected":false},"excerpt":{"rendered":"<p>Enge und d\u00fcnne 9-Inch-Boxer mit Mesh-Einsatz f\u00fcr herausragende K\u00fchlung. Material: 88% Polyester 12% Elastane<\/p>","protected":false},"featured_media":248265,"template":"","meta":[],"product_brand":[],"product_cat":[4206],"product_tag":[],"class_list":{"0":"post-93187","1":"product","2":"type-product","3":"status-publish","4":"has-post-thumbnail","6":"product_cat-underwear","7":"pa_brand-craft-teamwear","8":"pa_brand-type-sportswear","9":"pa_filter-color-blau","10":"pa_filter-color-gelb","11":"pa_filter-color-gruen","12":"pa_filter-color-rot","13":"pa_filter-color-schwarz","14":"pa_filter-color-weiss","16":"first","17":"instock","18":"sale","19":"taxable","20":"shipping-taxable","21":"purchasable","22":"product-type-variable","23":"add-to-wishlist-before_image"},"exclude_global_add_ons":[],"addons":[],"acf":[],"_links":{"self":[{"href":"https:\/\/shop.kustom.ch\/it\/wp-json\/wp\/v2\/product\/93187"}],"collection":[{"href":"https:\/\/shop.kustom.ch\/it\/wp-json\/wp\/v2\/product"}],"about":[{"href":"https:\/\/shop.kustom.ch\/it\/wp-json\/wp\/v2\/types\/product"}],"wp:featuredmedia":[{"embeddable":true,"href":"https:\/\/shop.kustom.ch\/it\/wp-json\/wp\/v2\/media\/248265"}],"wp:attachment":[{"href":"https:\/\/shop.kustom.ch\/it\/wp-json\/wp\/v2\/media?parent=93187"}],"wp:term":[{"taxonomy":"product_brand","embeddable":true,"href":"https:\/\/shop.kustom.ch\/it\/wp-json\/wp\/v2\/product_brand?post=93187"},{"taxonomy":"product_cat","embeddable":true,"href":"https:\/\/shop.kustom.ch\/it\/wp-json\/wp\/v2\/product_cat?post=93187"},{"taxonomy":"product_tag","embeddable":true,"href":"https:\/\/shop.kustom.ch\/it\/wp-json\/wp\/v2\/product_tag?post=93187"}],"curies":[{"name":"wp","href":"https:\/\/api.w.org\/{rel}","templated":true}]}}