{"id":93088,"date":"2024-03-20T16:42:29","date_gmt":"2024-03-20T15:42:29","guid":{"rendered":"https:\/\/kustomshop.kinsta.cloud\/produkt\/pro-control-hat\/"},"modified":"2026-03-27T14:54:04","modified_gmt":"2026-03-27T13:54:04","slug":"pro-control-hat","status":"publish","type":"product","link":"https:\/\/shop.kustom.ch\/it\/prodotto\/pro-control-hat\/","title":{"rendered":"Cappello Pro Control"},"content":{"rendered":"<p>Cappello caldo in materiale funzionale per un efficiente trasporto dell'umidit\u00e0 e un isolamento nella stagione fredda.<\/p>\n<p>Materiale: Tessuto 1: poliestere 100%<\/p>","protected":false},"excerpt":{"rendered":"<p>Warme M\u00fctze aus Funktionsmaterial f\u00fcr effizienten Feuchtigkeitstransport und Isolierung bei K\u00e4lte. Material: Fabric 1: 100% Polyester<\/p>","protected":false},"featured_media":248246,"template":"","meta":[],"product_brand":[],"product_cat":[9643,4177],"product_tag":[],"class_list":{"0":"post-93088","1":"product","2":"type-product","3":"status-publish","4":"has-post-thumbnail","6":"product_cat-equipment","7":"product_cat-caps-muetzen","8":"pa_brand-craft-teamwear","9":"pa_brand-type-sportswear","10":"pa_filter-color-blau","11":"pa_filter-color-gelb","12":"pa_filter-color-gruen","13":"pa_filter-color-rot","14":"pa_filter-color-weiss","16":"first","17":"instock","18":"sale","19":"taxable","20":"shipping-taxable","21":"purchasable","22":"product-type-variable","23":"add-to-wishlist-before_image"},"exclude_global_add_ons":[],"addons":[],"acf":[],"_links":{"self":[{"href":"https:\/\/shop.kustom.ch\/it\/wp-json\/wp\/v2\/product\/93088"}],"collection":[{"href":"https:\/\/shop.kustom.ch\/it\/wp-json\/wp\/v2\/product"}],"about":[{"href":"https:\/\/shop.kustom.ch\/it\/wp-json\/wp\/v2\/types\/product"}],"wp:featuredmedia":[{"embeddable":true,"href":"https:\/\/shop.kustom.ch\/it\/wp-json\/wp\/v2\/media\/248246"}],"wp:attachment":[{"href":"https:\/\/shop.kustom.ch\/it\/wp-json\/wp\/v2\/media?parent=93088"}],"wp:term":[{"taxonomy":"product_brand","embeddable":true,"href":"https:\/\/shop.kustom.ch\/it\/wp-json\/wp\/v2\/product_brand?post=93088"},{"taxonomy":"product_cat","embeddable":true,"href":"https:\/\/shop.kustom.ch\/it\/wp-json\/wp\/v2\/product_cat?post=93088"},{"taxonomy":"product_tag","embeddable":true,"href":"https:\/\/shop.kustom.ch\/it\/wp-json\/wp\/v2\/product_tag?post=93088"}],"curies":[{"name":"wp","href":"https:\/\/api.w.org\/{rel}","templated":true}]}}