{"id":92709,"date":"2024-03-20T16:41:00","date_gmt":"2024-03-20T15:41:00","guid":{"rendered":"https:\/\/kustomshop.kinsta.cloud\/produkt\/progress-longer-shorts-contrast-m\/"},"modified":"2026-03-27T14:40:31","modified_gmt":"2026-03-27T13:40:31","slug":"progress-longer-shorts-contrast-m","status":"publish","type":"product","link":"https:\/\/shop.kustom.ch\/it\/prodotto\/progress-longer-shorts-contrast-m\/","title":{"rendered":"Progress Pantaloncini pi\u00f9 lunghi a contrasto M"},"content":{"rendered":"<p>Pantaloncini dal taglio lungo realizzati in materiale elastico e funzionale con un eccellente trasporto dell'umidit\u00e0 per prestazioni ottimali. L'inserto in rete nel cavallo offre una migliore ventilazione, mentre la grande elasticit\u00e0 e la vestibilit\u00e0 ergonomica assicurano comfort e ottima libert\u00e0 di movimento. Coulisse in vita. Strisce a contrasto sui lati.<\/p>\n<p>Materiale: Tessuto 1: poliestere 100% Tessuto 2: poliestere 100%<\/p>","protected":false},"excerpt":{"rendered":"<p>L\u00e4nger geschnittene Short aus dehnbarem und funktionellem Material mit ausgezeichnetem Feuchtigkeitstransport f\u00fcr optimale Leistung. Der Mesh-Einsatz im Schritt bietet eine verbesserte Bel\u00fcftung, w\u00e4hrend eine grossartige Elastizit\u00e4t und die ergonomische Passform f\u00fcr Komfort und optimale Bewegungsfreiheit sorgen. Kordelzug am Bund. Kontraststreifen an den Seiten. Material: Fabric 1: 100% Polyester Fabric 2: 100% Polyester<\/p>","protected":false},"featured_media":248190,"template":"","meta":[],"product_brand":[],"product_cat":[4198],"product_tag":[],"class_list":{"0":"post-92709","1":"product","2":"type-product","3":"status-publish","4":"has-post-thumbnail","6":"product_cat-shorts","7":"pa_brand-craft-teamwear","8":"pa_brand-type-sportswear","9":"pa_filter-color-blau","10":"pa_filter-color-schwarz","11":"pa_filter-color-weiss","13":"first","14":"instock","15":"sale","16":"taxable","17":"shipping-taxable","18":"purchasable","19":"product-type-variable","20":"add-to-wishlist-before_image"},"exclude_global_add_ons":[],"addons":[],"acf":[],"_links":{"self":[{"href":"https:\/\/shop.kustom.ch\/it\/wp-json\/wp\/v2\/product\/92709"}],"collection":[{"href":"https:\/\/shop.kustom.ch\/it\/wp-json\/wp\/v2\/product"}],"about":[{"href":"https:\/\/shop.kustom.ch\/it\/wp-json\/wp\/v2\/types\/product"}],"wp:featuredmedia":[{"embeddable":true,"href":"https:\/\/shop.kustom.ch\/it\/wp-json\/wp\/v2\/media\/248190"}],"wp:attachment":[{"href":"https:\/\/shop.kustom.ch\/it\/wp-json\/wp\/v2\/media?parent=92709"}],"wp:term":[{"taxonomy":"product_brand","embeddable":true,"href":"https:\/\/shop.kustom.ch\/it\/wp-json\/wp\/v2\/product_brand?post=92709"},{"taxonomy":"product_cat","embeddable":true,"href":"https:\/\/shop.kustom.ch\/it\/wp-json\/wp\/v2\/product_cat?post=92709"},{"taxonomy":"product_tag","embeddable":true,"href":"https:\/\/shop.kustom.ch\/it\/wp-json\/wp\/v2\/product_tag?post=92709"}],"curies":[{"name":"wp","href":"https:\/\/api.w.org\/{rel}","templated":true}]}}