{"id":92211,"date":"2024-03-20T16:38:40","date_gmt":"2024-03-20T15:38:40","guid":{"rendered":"https:\/\/kustomshop.kinsta.cloud\/produkt\/urban-rain-coat-m\/"},"modified":"2026-03-27T15:00:47","modified_gmt":"2026-03-27T14:00:47","slug":"urban-rain-coat-m","status":"publish","type":"product","link":"https:\/\/shop.kustom.ch\/it\/prodotto\/urban-rain-coat-m\/","title":{"rendered":"Impermeabile urbano M"},"content":{"rendered":"<p>Mackintosh con cuciture nastrate, cerniere impermeabili e cappuccio staccabile. Ispirata al fascino delle strade bagnate alla luce delle lanterne, i tessuti lucidi e opachi sono stati combinati per dare alla giacca un look urbano. Il materiale impermeabile e le cuciture nastrate garantiscono un'impermeabilit\u00e0 ottimale. La giacca \u00e8 inoltre dotata di cappuccio multiregolabile e staccabile, polsini regolabili e quattro tasche. WP 8000 \/ MVP 8000<br \/>\n- Cappuccio multiregolabile e staccabile<br \/>\n-Cuciture saldate<br \/>\n-Cerniere impermeabili<br \/>\n-Polsini regolabili<br \/>\n-Due tasche a filetto e tasche anteriori<br \/>\n-8000 WP\/8000 MVP<\/p>\n<p>Materiale: poliestere riciclato 100%<\/p>","protected":false},"excerpt":{"rendered":"<p>Regenmantel mit getapten N\u00e4hten, wasserdichten Reissverschl\u00fcssen und abnehmbarer Kapuze. Inspiriert vom Glanz nasser Strassen im Laternenschein, wurden gl\u00e4nzende und matte Stoffe kombiniert und verleihen der Jacke einen urbanen Ausdruck. Das wasserdichte Material und die getapten N\u00e4hte sorgen f\u00fcr beste Wasserdichtigkeit. Dar\u00fcber hinaus verf\u00fcgt die Jacke \u00fcber eine mehrfach verstellbare und abnehmbare Kapuze, verstellbaren \u00c4rmelabschl\u00fcssen und [&hellip;]<\/p>\n","protected":false},"featured_media":248121,"template":"","meta":[],"product_brand":[],"product_cat":[4186],"product_tag":[],"class_list":{"0":"post-92211","1":"product","2":"type-product","3":"status-publish","4":"has-post-thumbnail","6":"product_cat-jacken","7":"pa_brand-craft-retail-sportswear","8":"pa_brand-type-sportswear","9":"pa_filter-color-schwarz","11":"first","12":"instock","13":"sale","14":"taxable","15":"shipping-taxable","16":"purchasable","17":"product-type-variable","18":"add-to-wishlist-before_image"},"exclude_global_add_ons":[],"addons":[],"acf":[],"_links":{"self":[{"href":"https:\/\/shop.kustom.ch\/it\/wp-json\/wp\/v2\/product\/92211"}],"collection":[{"href":"https:\/\/shop.kustom.ch\/it\/wp-json\/wp\/v2\/product"}],"about":[{"href":"https:\/\/shop.kustom.ch\/it\/wp-json\/wp\/v2\/types\/product"}],"wp:featuredmedia":[{"embeddable":true,"href":"https:\/\/shop.kustom.ch\/it\/wp-json\/wp\/v2\/media\/248121"}],"wp:attachment":[{"href":"https:\/\/shop.kustom.ch\/it\/wp-json\/wp\/v2\/media?parent=92211"}],"wp:term":[{"taxonomy":"product_brand","embeddable":true,"href":"https:\/\/shop.kustom.ch\/it\/wp-json\/wp\/v2\/product_brand?post=92211"},{"taxonomy":"product_cat","embeddable":true,"href":"https:\/\/shop.kustom.ch\/it\/wp-json\/wp\/v2\/product_cat?post=92211"},{"taxonomy":"product_tag","embeddable":true,"href":"https:\/\/shop.kustom.ch\/it\/wp-json\/wp\/v2\/product_tag?post=92211"}],"curies":[{"name":"wp","href":"https:\/\/api.w.org\/{rel}","templated":true}]}}