{"id":91991,"date":"2024-03-20T16:37:44","date_gmt":"2024-03-20T15:37:44","guid":{"rendered":"https:\/\/kustomshop.kinsta.cloud\/produkt\/progress-baselayer-cn-ls-w\/"},"modified":"2026-03-27T15:48:51","modified_gmt":"2026-03-27T14:48:51","slug":"progress-baselayer-cn-ls-w","status":"publish","type":"product","link":"https:\/\/shop.kustom.ch\/it\/prodotto\/progress-baselayer-cn-ls-w\/","title":{"rendered":"Progress Baselayer CN LS W"},"content":{"rendered":"<p>Il nostro intimo funzionale vi sostiene quando passate a un livello sportivo superiore. Grazie alla speciale struttura a maglia, questa maglia a maniche lunghe vi rinfresca durante l'attivit\u00e0 fisica e vi riscalda quando vi riposate. Il corpo viene mantenuto asciutto e in un range di temperatura ottimale. L'asciugatura rapida, le cuciture piatte che si adattano ai movimenti e l'elevata elasticit\u00e0 garantiscono il massimo comfort.<br \/>\n- Vestibilit\u00e0 stretta<br \/>\n-Le cuciture piatte si adattano ai movimenti del corpo<br \/>\n-+BQ4<\/p>\n<p>Materiale: 100 poliestere %<\/p>","protected":false},"excerpt":{"rendered":"<p>Unsere Funktionsunterw\u00e4sche unterst\u00fctzt dich beim Sprung auf ein h\u00f6heres sportliches Level. Durch die spezielle Strickstruktur k\u00fchlt Dich dieses Langarm-Shirt w\u00e4hrend des Sports, und in Ruhephasen w\u00e4rmt es Dich. Der K\u00f6rper wird trocken und in einem optimalen Temperaturbereich gehalten. Schnell trocknend, Flachn\u00e4hte die sich der Bewegung anpassen und eine hohe Elastizit\u00e4t garantieren h\u00f6chsten Tragekomfort. \u2022 Enge [&hellip;]<\/p>\n","protected":false},"featured_media":248089,"template":"","meta":[],"product_brand":[],"product_cat":[4206],"product_tag":[],"class_list":{"0":"post-91991","1":"product","2":"type-product","3":"status-publish","4":"has-post-thumbnail","6":"product_cat-underwear","7":"pa_brand-craft-teamwear","8":"pa_brand-type-sportswear","9":"pa_filter-color-blau","10":"pa_filter-color-gelb","11":"pa_filter-color-gruen","12":"pa_filter-color-rot","13":"pa_filter-color-schwarz","14":"pa_filter-color-weiss","16":"first","17":"instock","18":"sale","19":"taxable","20":"shipping-taxable","21":"purchasable","22":"product-type-variable","23":"add-to-wishlist-before_image"},"exclude_global_add_ons":[],"addons":[],"acf":[],"_links":{"self":[{"href":"https:\/\/shop.kustom.ch\/it\/wp-json\/wp\/v2\/product\/91991"}],"collection":[{"href":"https:\/\/shop.kustom.ch\/it\/wp-json\/wp\/v2\/product"}],"about":[{"href":"https:\/\/shop.kustom.ch\/it\/wp-json\/wp\/v2\/types\/product"}],"wp:featuredmedia":[{"embeddable":true,"href":"https:\/\/shop.kustom.ch\/it\/wp-json\/wp\/v2\/media\/248089"}],"wp:attachment":[{"href":"https:\/\/shop.kustom.ch\/it\/wp-json\/wp\/v2\/media?parent=91991"}],"wp:term":[{"taxonomy":"product_brand","embeddable":true,"href":"https:\/\/shop.kustom.ch\/it\/wp-json\/wp\/v2\/product_brand?post=91991"},{"taxonomy":"product_cat","embeddable":true,"href":"https:\/\/shop.kustom.ch\/it\/wp-json\/wp\/v2\/product_cat?post=91991"},{"taxonomy":"product_tag","embeddable":true,"href":"https:\/\/shop.kustom.ch\/it\/wp-json\/wp\/v2\/product_tag?post=91991"}],"curies":[{"name":"wp","href":"https:\/\/api.w.org\/{rel}","templated":true}]}}