{"id":91970,"date":"2024-03-20T16:37:33","date_gmt":"2024-03-20T15:37:33","guid":{"rendered":"https:\/\/kustomshop.kinsta.cloud\/produkt\/rain-glove-2-0\/"},"modified":"2026-03-27T13:29:55","modified_gmt":"2026-03-27T12:29:55","slug":"rain-glove-2-0","status":"publish","type":"product","link":"https:\/\/shop.kustom.ch\/it\/prodotto\/rain-glove-2-0\/","title":{"rendered":"Guanto da pioggia 2.0"},"content":{"rendered":"<p>Guanti antivento e impermeabili con inserti in gel per l'assorbimento degli urti e rivestimento in silicone per una presa ottimale.<br \/>\n- Inserti in gel nei punti di pressione sui palmi delle mani per un assorbimento degli urti e un comfort ottimale.<br \/>\n- Chiusura in velcro<br \/>\n- Elementi compatibili con lo schermo tattile su indice e pollice<br \/>\n- Rivestimento in silicone sui palmi per una presa ottimale<br \/>\n- Stampe riflettenti per una migliore visibilit\u00e0<br \/>\n- Ricamo compatibile con il touchscreen<\/p>\n<p>Materiale: Dorso: 95% poliestere 5% elastan, Palmo: 70% poliestere, 30% poliuretano, Fodera: 100% poliestere<\/p>","protected":false},"excerpt":{"rendered":"<p>Wind- und wasserfeste Handschuhe mit Geleins\u00e4tzen zur Stossd\u00e4mpfung und Silikonbeschichtung f\u00fcr optimalen Grip. \u2022 Geleins\u00e4tze an den Druckstellen auf den Handinnenfl\u00e4chen zur Stossd\u00e4mpfung und f\u00fcr optimalen Komfort \u2022 Klettverschluss \u2022 Touchscreen-kompatible Elemente an Zeigefinger und Daumen \u2022 Silikonbeschichtung auf den Handinnenseiten f\u00fcr optimalen Grip \u2022 Reflektierende Prints f\u00fcr bessere Sichtbarkeit \u2022 Touchscreen-kompatible Stickerei Material: Backhand: [&hellip;]<\/p>\n","protected":false},"featured_media":248086,"template":"","meta":[],"product_brand":[],"product_cat":[4180],"product_tag":[],"class_list":{"0":"post-91970","1":"product","2":"type-product","3":"status-publish","4":"has-post-thumbnail","6":"product_cat-handschuhe","7":"pa_brand-craft-retail-sportswear","8":"pa_brand-type-sportswear","9":"pa_filter-color-schwarz","11":"first","12":"instock","13":"sale","14":"taxable","15":"shipping-taxable","16":"purchasable","17":"product-type-variable","18":"add-to-wishlist-before_image"},"exclude_global_add_ons":[],"addons":[],"acf":[],"_links":{"self":[{"href":"https:\/\/shop.kustom.ch\/it\/wp-json\/wp\/v2\/product\/91970"}],"collection":[{"href":"https:\/\/shop.kustom.ch\/it\/wp-json\/wp\/v2\/product"}],"about":[{"href":"https:\/\/shop.kustom.ch\/it\/wp-json\/wp\/v2\/types\/product"}],"wp:featuredmedia":[{"embeddable":true,"href":"https:\/\/shop.kustom.ch\/it\/wp-json\/wp\/v2\/media\/248086"}],"wp:attachment":[{"href":"https:\/\/shop.kustom.ch\/it\/wp-json\/wp\/v2\/media?parent=91970"}],"wp:term":[{"taxonomy":"product_brand","embeddable":true,"href":"https:\/\/shop.kustom.ch\/it\/wp-json\/wp\/v2\/product_brand?post=91970"},{"taxonomy":"product_cat","embeddable":true,"href":"https:\/\/shop.kustom.ch\/it\/wp-json\/wp\/v2\/product_cat?post=91970"},{"taxonomy":"product_tag","embeddable":true,"href":"https:\/\/shop.kustom.ch\/it\/wp-json\/wp\/v2\/product_tag?post=91970"}],"curies":[{"name":"wp","href":"https:\/\/api.w.org\/{rel}","templated":true}]}}