{"id":91815,"date":"2024-03-20T16:37:00","date_gmt":"2024-03-20T15:37:00","guid":{"rendered":"https:\/\/kustomshop.kinsta.cloud\/produkt\/squad-short-solid-wb-m\/"},"modified":"2026-03-27T15:47:04","modified_gmt":"2026-03-27T14:47:04","slug":"squad-short-solid-wb-m","status":"publish","type":"product","link":"https:\/\/shop.kustom.ch\/it\/prodotto\/squad-short-solid-wb-m\/","title":{"rendered":"Pantalone corto solido Wb M"},"content":{"rendered":"<p>I pantaloncini Squad con pantaloncino interno integrato promettono le migliori prestazioni. Il materiale traspirante assicura una piacevole ventilazione e una sensazione di corpo asciutto. La coulisse in vita consente di regolare i pantaloncini e di mantenerli saldi a ogni movimento.<\/p>\n<p>Materiale: 100 poliestere %<\/p>","protected":false},"excerpt":{"rendered":"<p>Die Squad Short mit integrierter Innenhose verspricht beste Performance. Das atmungsaktive Material gew\u00e4hrleistet eine angenehme Bel\u00fcftung und ein trockenes K\u00f6rpergef\u00fchl. Durch den Kordelzug im Bund kann die Hose verstellt werden und sitzt zudem fest bei jeder Bewegung. Material: 100 % Polyester<\/p>","protected":false},"featured_media":248059,"template":"","meta":[],"product_brand":[],"product_cat":[4198],"product_tag":[],"class_list":{"0":"post-91815","1":"product","2":"type-product","3":"status-publish","4":"has-post-thumbnail","6":"product_cat-shorts","7":"pa_brand-craft-teamwear","8":"pa_brand-type-sportswear","9":"pa_filter-color-blau","11":"first","12":"instock","13":"sale","14":"taxable","15":"shipping-taxable","16":"purchasable","17":"product-type-variable","18":"add-to-wishlist-before_image"},"exclude_global_add_ons":[],"addons":[],"acf":[],"_links":{"self":[{"href":"https:\/\/shop.kustom.ch\/it\/wp-json\/wp\/v2\/product\/91815"}],"collection":[{"href":"https:\/\/shop.kustom.ch\/it\/wp-json\/wp\/v2\/product"}],"about":[{"href":"https:\/\/shop.kustom.ch\/it\/wp-json\/wp\/v2\/types\/product"}],"wp:featuredmedia":[{"embeddable":true,"href":"https:\/\/shop.kustom.ch\/it\/wp-json\/wp\/v2\/media\/248059"}],"wp:attachment":[{"href":"https:\/\/shop.kustom.ch\/it\/wp-json\/wp\/v2\/media?parent=91815"}],"wp:term":[{"taxonomy":"product_brand","embeddable":true,"href":"https:\/\/shop.kustom.ch\/it\/wp-json\/wp\/v2\/product_brand?post=91815"},{"taxonomy":"product_cat","embeddable":true,"href":"https:\/\/shop.kustom.ch\/it\/wp-json\/wp\/v2\/product_cat?post=91815"},{"taxonomy":"product_tag","embeddable":true,"href":"https:\/\/shop.kustom.ch\/it\/wp-json\/wp\/v2\/product_tag?post=91815"}],"curies":[{"name":"wp","href":"https:\/\/api.w.org\/{rel}","templated":true}]}}