{"id":91787,"date":"2024-03-20T16:36:51","date_gmt":"2024-03-20T15:36:51","guid":{"rendered":"https:\/\/kustomshop.kinsta.cloud\/produkt\/jacket-rain-jr\/"},"modified":"2026-03-27T14:49:53","modified_gmt":"2026-03-27T13:49:53","slug":"jacket-rain-jr","status":"publish","type":"product","link":"https:\/\/shop.kustom.ch\/it\/prodotto\/jacket-rain-jr\/","title":{"rendered":"Giacca Rain Jr"},"content":{"rendered":"<p>Giacca antipioggia leggera con cuciture nastrate per l'allenamento in condizioni di bagnato. La fodera in rete assicura un efficiente trasporto dell'umidit\u00e0 e una vestibilit\u00e0 confortevole. Cappuccio staccabile.<\/p>\n<p>WP 2500 e MVP 2500<\/p>\n<p>Materiale: 100 poliestere %<\/p>","protected":false},"excerpt":{"rendered":"<p>Leichte Regenjacke mit getapten N\u00e4hten f\u00fcr das Training bei N\u00e4sse. Das Mesh-Futter sorgt f\u00fcr einen effizienten Feuchtigkeitstransport und angenehmen Tragekomfort. Abnehmbare Kapuze. WP 2500 und MVP 2500 Material: 100 % Polyester<\/p>","protected":false},"featured_media":248053,"template":"","meta":[],"product_brand":[],"product_cat":[4186],"product_tag":[],"class_list":{"0":"post-91787","1":"product","2":"type-product","3":"status-publish","4":"has-post-thumbnail","6":"product_cat-jacken","7":"pa_brand-craft-teamwear","8":"pa_brand-type-sportswear","9":"pa_filter-color-blau","10":"pa_filter-color-gruen","11":"pa_filter-color-rot","12":"pa_filter-color-schwarz","14":"first","15":"instock","16":"sale","17":"taxable","18":"shipping-taxable","19":"purchasable","20":"product-type-variable","21":"add-to-wishlist-before_image"},"exclude_global_add_ons":[],"addons":[],"acf":[],"_links":{"self":[{"href":"https:\/\/shop.kustom.ch\/it\/wp-json\/wp\/v2\/product\/91787"}],"collection":[{"href":"https:\/\/shop.kustom.ch\/it\/wp-json\/wp\/v2\/product"}],"about":[{"href":"https:\/\/shop.kustom.ch\/it\/wp-json\/wp\/v2\/types\/product"}],"wp:featuredmedia":[{"embeddable":true,"href":"https:\/\/shop.kustom.ch\/it\/wp-json\/wp\/v2\/media\/248053"}],"wp:attachment":[{"href":"https:\/\/shop.kustom.ch\/it\/wp-json\/wp\/v2\/media?parent=91787"}],"wp:term":[{"taxonomy":"product_brand","embeddable":true,"href":"https:\/\/shop.kustom.ch\/it\/wp-json\/wp\/v2\/product_brand?post=91787"},{"taxonomy":"product_cat","embeddable":true,"href":"https:\/\/shop.kustom.ch\/it\/wp-json\/wp\/v2\/product_cat?post=91787"},{"taxonomy":"product_tag","embeddable":true,"href":"https:\/\/shop.kustom.ch\/it\/wp-json\/wp\/v2\/product_tag?post=91787"}],"curies":[{"name":"wp","href":"https:\/\/api.w.org\/{rel}","templated":true}]}}