{"id":91677,"date":"2024-03-20T16:36:23","date_gmt":"2024-03-20T15:36:23","guid":{"rendered":"https:\/\/kustomshop.kinsta.cloud\/produkt\/jacket-parkas-w\/"},"modified":"2026-03-27T15:16:40","modified_gmt":"2026-03-27T14:16:40","slug":"jacket-parkas-w","status":"publish","type":"product","link":"https:\/\/shop.kustom.ch\/it\/prodotto\/jacket-parkas-w\/","title":{"rendered":"Giacca Parkas W"},"content":{"rendered":"<p>Giacca lunga foderata con materiale esterno resistente, ideale per riscaldarsi con il freddo o come giacca calda per lo staff e i giocatori in panchina. Caratteristiche: zip a 2 vie, cappuccio staccabile, sei tasche e estremit\u00e0 delle maniche regolabili. Taglio femminile.<\/p>\n<p>WP 8000 \/ MVP 8000<\/p>\n<p>Materiale: 100 poliestere %<\/p>","protected":false},"excerpt":{"rendered":"<p>Gef\u00fctterte, lange Jacke mit strapazierf\u00e4higem Aussenmaterial, die sich ideal zum Aufw\u00e4rmen bei K\u00e4lte oder als warme Jacke f\u00fcr Mitarbeiter und Spieler auf der Bank eignet. Features: 2-Wege-Reissverschluss, abnehmbare Kapuze, sechs Taschen und verstellbare \u00c4rmelenden. Weiblicher Schnitt. WP 8000 \/ MVP 8000 Material: 100 % Polyester<\/p>","protected":false},"featured_media":248036,"template":"","meta":[],"product_brand":[],"product_cat":[4186],"product_tag":[],"class_list":{"0":"post-91677","1":"product","2":"type-product","3":"status-publish","4":"has-post-thumbnail","6":"product_cat-jacken","7":"pa_brand-craft-teamwear","8":"pa_brand-type-sportswear","9":"pa_filter-color-blau","10":"pa_filter-color-schwarz","12":"first","13":"instock","14":"sale","15":"taxable","16":"shipping-taxable","17":"purchasable","18":"product-type-variable","19":"add-to-wishlist-before_image"},"exclude_global_add_ons":[],"addons":[],"acf":[],"_links":{"self":[{"href":"https:\/\/shop.kustom.ch\/it\/wp-json\/wp\/v2\/product\/91677"}],"collection":[{"href":"https:\/\/shop.kustom.ch\/it\/wp-json\/wp\/v2\/product"}],"about":[{"href":"https:\/\/shop.kustom.ch\/it\/wp-json\/wp\/v2\/types\/product"}],"wp:featuredmedia":[{"embeddable":true,"href":"https:\/\/shop.kustom.ch\/it\/wp-json\/wp\/v2\/media\/248036"}],"wp:attachment":[{"href":"https:\/\/shop.kustom.ch\/it\/wp-json\/wp\/v2\/media?parent=91677"}],"wp:term":[{"taxonomy":"product_brand","embeddable":true,"href":"https:\/\/shop.kustom.ch\/it\/wp-json\/wp\/v2\/product_brand?post=91677"},{"taxonomy":"product_cat","embeddable":true,"href":"https:\/\/shop.kustom.ch\/it\/wp-json\/wp\/v2\/product_cat?post=91677"},{"taxonomy":"product_tag","embeddable":true,"href":"https:\/\/shop.kustom.ch\/it\/wp-json\/wp\/v2\/product_tag?post=91677"}],"curies":[{"name":"wp","href":"https:\/\/api.w.org\/{rel}","templated":true}]}}