{"id":91636,"date":"2024-03-20T16:36:15","date_gmt":"2024-03-20T15:36:15","guid":{"rendered":"https:\/\/kustomshop.kinsta.cloud\/produkt\/jacket-rain-m\/"},"modified":"2026-03-27T14:47:14","modified_gmt":"2026-03-27T13:47:14","slug":"jacket-rain-m","status":"publish","type":"product","link":"https:\/\/shop.kustom.ch\/it\/prodotto\/jacket-rain-m\/","title":{"rendered":"Giacca Rain M"},"content":{"rendered":"<p>Giacca antipioggia leggera con cuciture nastrate per l'allenamento in condizioni di bagnato. La fodera in rete assicura un efficiente trasporto dell'umidit\u00e0 e un contatto morbido con la pelle. Cappuccio staccabile.<\/p>\n<p>WP 2500 \/ MVP 2500<\/p>\n<p>Materiale: 100 poliestere %<\/p>","protected":false},"excerpt":{"rendered":"<p>Leichte Regenjacke mit verschweissten N\u00e4hten f\u00fcr das Training bei N\u00e4sse. Das Mesh-Futter sorgt f\u00fcr einen effizienten Feuchtigkeitstransport und einen weichen Hautkontakt. Abnehmbare Kapuze. WP 2500 \/ MVP 2500 Material: 100 % Polyester<\/p>","protected":false},"featured_media":248031,"template":"","meta":[],"product_brand":[],"product_cat":[4186],"product_tag":[],"class_list":{"0":"post-91636","1":"product","2":"type-product","3":"status-publish","4":"has-post-thumbnail","6":"product_cat-jacken","7":"pa_brand-craft-teamwear","8":"pa_brand-type-sportswear","9":"pa_filter-color-blau","10":"pa_filter-color-gruen","11":"pa_filter-color-rot","12":"pa_filter-color-schwarz","14":"first","15":"instock","16":"sale","17":"taxable","18":"shipping-taxable","19":"purchasable","20":"product-type-variable","21":"add-to-wishlist-before_image"},"exclude_global_add_ons":[],"addons":[],"acf":[],"_links":{"self":[{"href":"https:\/\/shop.kustom.ch\/it\/wp-json\/wp\/v2\/product\/91636"}],"collection":[{"href":"https:\/\/shop.kustom.ch\/it\/wp-json\/wp\/v2\/product"}],"about":[{"href":"https:\/\/shop.kustom.ch\/it\/wp-json\/wp\/v2\/types\/product"}],"wp:featuredmedia":[{"embeddable":true,"href":"https:\/\/shop.kustom.ch\/it\/wp-json\/wp\/v2\/media\/248031"}],"wp:attachment":[{"href":"https:\/\/shop.kustom.ch\/it\/wp-json\/wp\/v2\/media?parent=91636"}],"wp:term":[{"taxonomy":"product_brand","embeddable":true,"href":"https:\/\/shop.kustom.ch\/it\/wp-json\/wp\/v2\/product_brand?post=91636"},{"taxonomy":"product_cat","embeddable":true,"href":"https:\/\/shop.kustom.ch\/it\/wp-json\/wp\/v2\/product_cat?post=91636"},{"taxonomy":"product_tag","embeddable":true,"href":"https:\/\/shop.kustom.ch\/it\/wp-json\/wp\/v2\/product_tag?post=91636"}],"curies":[{"name":"wp","href":"https:\/\/api.w.org\/{rel}","templated":true}]}}