{"id":91603,"date":"2024-03-20T16:36:08","date_gmt":"2024-03-20T15:36:08","guid":{"rendered":"https:\/\/kustomshop.kinsta.cloud\/produkt\/isolate-jacket-m\/"},"modified":"2026-03-27T15:07:52","modified_gmt":"2026-03-27T14:07:52","slug":"isolate-jacket-m","status":"publish","type":"product","link":"https:\/\/shop.kustom.ch\/it\/prodotto\/isolate-jacket-m\/","title":{"rendered":"Giacca isolante M"},"content":{"rendered":"<p>Giacca imbottita, antivento e idrorepellente per il riscaldamento e le occasioni formali. Con cappuccio staccabile, tasca sul petto con zip e orlo regolabile. Imbottitura in microfibra con buone propriet\u00e0 termiche.<\/p>\n<p>Materiale: 100 poliestere %<\/p>","protected":false},"excerpt":{"rendered":"<p>Gepolsterte, wind- und wasserabweisende Jacke f\u00fcr Aufw\u00e4rm- und formelle Anl\u00e4sse. Mit abnehmbarer Kapuze, Brusttasche mit Reissverschluss und verstellbarem Saum. Polsterung aus Mikrofaser mit guten thermischen Eigenschaften. Material: 100 % Polyester<\/p>","protected":false},"featured_media":248027,"template":"","meta":[],"product_brand":[],"product_cat":[4186],"product_tag":[],"class_list":{"0":"post-91603","1":"product","2":"type-product","3":"status-publish","4":"has-post-thumbnail","6":"product_cat-jacken","7":"pa_brand-craft-teamwear","8":"pa_brand-type-sportswear","9":"pa_filter-color-blau","10":"pa_filter-color-rot","11":"pa_filter-color-schwarz","13":"first","14":"instock","15":"sale","16":"taxable","17":"shipping-taxable","18":"purchasable","19":"product-type-variable","20":"add-to-wishlist-before_image"},"exclude_global_add_ons":[],"addons":[],"acf":[],"_links":{"self":[{"href":"https:\/\/shop.kustom.ch\/it\/wp-json\/wp\/v2\/product\/91603"}],"collection":[{"href":"https:\/\/shop.kustom.ch\/it\/wp-json\/wp\/v2\/product"}],"about":[{"href":"https:\/\/shop.kustom.ch\/it\/wp-json\/wp\/v2\/types\/product"}],"wp:featuredmedia":[{"embeddable":true,"href":"https:\/\/shop.kustom.ch\/it\/wp-json\/wp\/v2\/media\/248027"}],"wp:attachment":[{"href":"https:\/\/shop.kustom.ch\/it\/wp-json\/wp\/v2\/media?parent=91603"}],"wp:term":[{"taxonomy":"product_brand","embeddable":true,"href":"https:\/\/shop.kustom.ch\/it\/wp-json\/wp\/v2\/product_brand?post=91603"},{"taxonomy":"product_cat","embeddable":true,"href":"https:\/\/shop.kustom.ch\/it\/wp-json\/wp\/v2\/product_cat?post=91603"},{"taxonomy":"product_tag","embeddable":true,"href":"https:\/\/shop.kustom.ch\/it\/wp-json\/wp\/v2\/product_tag?post=91603"}],"curies":[{"name":"wp","href":"https:\/\/api.w.org\/{rel}","templated":true}]}}