{"id":91586,"date":"2024-03-20T16:36:03","date_gmt":"2024-03-20T15:36:03","guid":{"rendered":"https:\/\/kustomshop.kinsta.cloud\/produkt\/jacket-parkas-m\/"},"modified":"2026-03-27T15:15:45","modified_gmt":"2026-03-27T14:15:45","slug":"jacket-parkas-m","status":"publish","type":"product","link":"https:\/\/shop.kustom.ch\/it\/prodotto\/jacket-parkas-m\/","title":{"rendered":"Giacca Parkas M"},"content":{"rendered":"<p>Giacca lunga imbottita con materiale esterno resistente, ideale per riscaldarsi quando fa freddo o come giacca calda per collaboratori, assistenti e giocatori in panchina. <\/p>\n<p>\u2022 WP 3000 \/ MVP 3000<br \/>\n\u2022 Cerniera a doppio cursore<br \/>\n\u2022 Cappuccio rimovibile<br \/>\n\u2022 6 tasche<br \/>\n\u2022 Polsini regolabili<br \/>\n\u2022 Cappuccio regolabile tramite cordino<\/p>\n<p>Materiale: 100 poliestere %<\/p>","protected":false},"excerpt":{"rendered":"<p>Wattierte, lange Jacke mit strapazierf\u00e4higem Aussenmaterial, die sich ideal zum Aufw\u00e4rmen bei K\u00e4lte oder als warme Jacke f\u00fcr Mitarbeiter, Helfer und Spieler auf der Bank eignet. \u2022 WP 3000 \/ MVP 3000 \u2022 2-Wege-Reissverschluss \u2022 Abnehmbare Kapuze \u2022 6 Taschen \u2022 \u00c4rmelabschl\u00fcsse anpassbar \u2022 Kapuze \u00fcber Kordelzug verstellbar Material: 100 % Polyester<\/p>","protected":false},"featured_media":248025,"template":"","meta":[],"product_brand":[],"product_cat":[4186],"product_tag":[],"class_list":{"0":"post-91586","1":"product","2":"type-product","3":"status-publish","4":"has-post-thumbnail","6":"product_cat-jacken","7":"pa_brand-craft-teamwear","8":"pa_brand-type-sportswear","9":"pa_filter-color-blau","10":"pa_filter-color-schwarz","12":"first","13":"instock","14":"sale","15":"taxable","16":"shipping-taxable","17":"purchasable","18":"product-type-variable","19":"add-to-wishlist-before_image"},"exclude_global_add_ons":[],"addons":[],"acf":[],"_links":{"self":[{"href":"https:\/\/shop.kustom.ch\/it\/wp-json\/wp\/v2\/product\/91586"}],"collection":[{"href":"https:\/\/shop.kustom.ch\/it\/wp-json\/wp\/v2\/product"}],"about":[{"href":"https:\/\/shop.kustom.ch\/it\/wp-json\/wp\/v2\/types\/product"}],"wp:featuredmedia":[{"embeddable":true,"href":"https:\/\/shop.kustom.ch\/it\/wp-json\/wp\/v2\/media\/248025"}],"wp:attachment":[{"href":"https:\/\/shop.kustom.ch\/it\/wp-json\/wp\/v2\/media?parent=91586"}],"wp:term":[{"taxonomy":"product_brand","embeddable":true,"href":"https:\/\/shop.kustom.ch\/it\/wp-json\/wp\/v2\/product_brand?post=91586"},{"taxonomy":"product_cat","embeddable":true,"href":"https:\/\/shop.kustom.ch\/it\/wp-json\/wp\/v2\/product_cat?post=91586"},{"taxonomy":"product_tag","embeddable":true,"href":"https:\/\/shop.kustom.ch\/it\/wp-json\/wp\/v2\/product_tag?post=91586"}],"curies":[{"name":"wp","href":"https:\/\/api.w.org\/{rel}","templated":true}]}}