{"id":91546,"date":"2024-03-20T16:35:43","date_gmt":"2024-03-20T15:35:43","guid":{"rendered":"https:\/\/kustomshop.kinsta.cloud\/produkt\/transit-35l-bag\/"},"modified":"2026-03-27T14:15:50","modified_gmt":"2026-03-27T13:15:50","slug":"transit-35l-bag","status":"publish","type":"product","link":"https:\/\/shop.kustom.ch\/it\/prodotto\/transit-35l-bag\/","title":{"rendered":"Borsa Transit 35L"},"content":{"rendered":"<p>Pratica borsa per l'uso quotidiano, con cinghie a mano e a tracolla, numerose tasche e un grande logo Craft. 35 L.<\/p>\n<p>- 35 litri<br \/>\n-Cinghie per le mani e per le spalle<br \/>\n-Tasche laterali pratiche, di cui una per riporre le scarpe.<br \/>\n- Ampia tasca esterna per gli oggetti<br \/>\n- Maniglia laterale<br \/>\n- Etichettatura artigianale di grandi dimensioni<br \/>\n- 50 x 27 x 27 cm<\/p>\n<p>Materiale: Materiale 1 100% poliestere con rivestimento in PU, Materiale 2: 100% poliestere con rivestimento in PU, Materiale 3: 100% poliestere con rivestimento in PU<\/p>","protected":false},"excerpt":{"rendered":"<p>Praktische Tasche f\u00fcr den t\u00e4glichen Gebrauch mit Hand- und Schultertr\u00e4gern, vielen Taschen und grossem Craft-Logo. 35 L. \u2022 35 Liter \u2022Hand- und Schulterriemen \u2022Praktische Seitentaschen, eine zum Verstauen der Schuhe \u2022 Grosse Aussentasche f\u00fcr Gegenst\u00e4nde \u2022 Griff auf der Seite \u2022 Grosse Craft-Kennzeichnung \u2022 50 x 27 x 27 cm Material: Material 1 100% Polyester [&hellip;]<\/p>\n","protected":false},"featured_media":248017,"template":"","meta":[],"product_brand":[],"product_cat":[9643,4195],"product_tag":[],"class_list":{"0":"post-91546","1":"product","2":"type-product","3":"status-publish","4":"has-post-thumbnail","6":"product_cat-equipment","7":"product_cat-rucksaecke-taschen","8":"pa_brand-craft-retail-sportswear","9":"pa_brand-type-sportswear","10":"pa_filter-color-schwarz","12":"first","13":"instock","14":"sale","15":"taxable","16":"shipping-taxable","17":"purchasable","18":"product-type-variable","19":"add-to-wishlist-before_image"},"exclude_global_add_ons":[],"addons":[],"acf":[],"_links":{"self":[{"href":"https:\/\/shop.kustom.ch\/it\/wp-json\/wp\/v2\/product\/91546"}],"collection":[{"href":"https:\/\/shop.kustom.ch\/it\/wp-json\/wp\/v2\/product"}],"about":[{"href":"https:\/\/shop.kustom.ch\/it\/wp-json\/wp\/v2\/types\/product"}],"wp:featuredmedia":[{"embeddable":true,"href":"https:\/\/shop.kustom.ch\/it\/wp-json\/wp\/v2\/media\/248017"}],"wp:attachment":[{"href":"https:\/\/shop.kustom.ch\/it\/wp-json\/wp\/v2\/media?parent=91546"}],"wp:term":[{"taxonomy":"product_brand","embeddable":true,"href":"https:\/\/shop.kustom.ch\/it\/wp-json\/wp\/v2\/product_brand?post=91546"},{"taxonomy":"product_cat","embeddable":true,"href":"https:\/\/shop.kustom.ch\/it\/wp-json\/wp\/v2\/product_cat?post=91546"},{"taxonomy":"product_tag","embeddable":true,"href":"https:\/\/shop.kustom.ch\/it\/wp-json\/wp\/v2\/product_tag?post=91546"}],"curies":[{"name":"wp","href":"https:\/\/api.w.org\/{rel}","templated":true}]}}