{"id":91543,"date":"2024-03-20T16:35:40","date_gmt":"2024-03-20T15:35:40","guid":{"rendered":"https:\/\/kustomshop.kinsta.cloud\/produkt\/transit-35l-backpack\/"},"modified":"2026-03-27T14:11:11","modified_gmt":"2026-03-27T13:11:11","slug":"transit-35l-backpack","status":"publish","type":"product","link":"https:\/\/shop.kustom.ch\/it\/prodotto\/transit-35l-backpack\/","title":{"rendered":"Zaino Transit 35L"},"content":{"rendered":"<p>Pratico zaino per tutti i giorni con due scomparti principali (uno con imbottitura aggiuntiva per un computer portatile), una tasca esterna per un telefono cellulare con cerniera WR e scomparti laterali per una bottiglia d'acqua o altri gadget. 35 L.<br \/>\n- 35 litri<br \/>\n-Due scomparti principali con chiusura a zip<br \/>\n-Scomparto interno con imbottitura aggiuntiva per il notebook.<br \/>\n-Tasca esterna pratica per riporre le scarpe.<br \/>\n-Piccola tasca esterna per chiavi e telefono cellulare con cerniera WR<br \/>\n-Scomparti laterali in rete per bottiglie d'acqua o altri oggetti<br \/>\n-Schiuma sul retro per un maggiore comfort<br \/>\n-3 x 2 x 49 cm<\/p>\n<p>Materiale: Materiale 1 100% poliestere con rivestimento in PU, Materiale 2: 100% poliestere con rivestimento in PU, Materiale 3: 100% poliestere con rivestimento in PU<\/p>","protected":false},"excerpt":{"rendered":"<p>Praktischer Alltagsrucksack mit zwei Hauptf\u00e4chern (eines mit zus\u00e4tzlicher Polsterung f\u00fcr den Laptop), einer Aussentasche f\u00fcrs Handy mit WR-Reissverschluss und seitlichen F\u00e4chern f\u00fcr Wasserflasche oder andere Gadgets. 35 L. \u2022 35\u00a0Liter \u2022Zwei Hauptf\u00e4cher mit Reissverschluss \u2022Innenfach mit zus\u00e4tzlicher Polsterung f\u00fcr Notebook \u2022Praktische Aussentasche zum Verstauen der Schuhe \u2022Kleine Aussentasche f\u00fcr Schl\u00fcssel und Mobiltelefon mit WR-Reissverschluss \u2022Mesh-Seitenf\u00e4cher [&hellip;]<\/p>\n","protected":false},"featured_media":248016,"template":"","meta":[],"product_brand":[],"product_cat":[9643,4195],"product_tag":[],"class_list":{"0":"post-91543","1":"product","2":"type-product","3":"status-publish","4":"has-post-thumbnail","6":"product_cat-equipment","7":"product_cat-rucksaecke-taschen","8":"pa_brand-craft-retail-sportswear","9":"pa_brand-type-sportswear","10":"pa_filter-color-schwarz","12":"first","13":"instock","14":"sale","15":"taxable","16":"shipping-taxable","17":"purchasable","18":"product-type-variable","19":"add-to-wishlist-before_image"},"exclude_global_add_ons":[],"addons":[],"acf":[],"_links":{"self":[{"href":"https:\/\/shop.kustom.ch\/it\/wp-json\/wp\/v2\/product\/91543"}],"collection":[{"href":"https:\/\/shop.kustom.ch\/it\/wp-json\/wp\/v2\/product"}],"about":[{"href":"https:\/\/shop.kustom.ch\/it\/wp-json\/wp\/v2\/types\/product"}],"wp:featuredmedia":[{"embeddable":true,"href":"https:\/\/shop.kustom.ch\/it\/wp-json\/wp\/v2\/media\/248016"}],"wp:attachment":[{"href":"https:\/\/shop.kustom.ch\/it\/wp-json\/wp\/v2\/media?parent=91543"}],"wp:term":[{"taxonomy":"product_brand","embeddable":true,"href":"https:\/\/shop.kustom.ch\/it\/wp-json\/wp\/v2\/product_brand?post=91543"},{"taxonomy":"product_cat","embeddable":true,"href":"https:\/\/shop.kustom.ch\/it\/wp-json\/wp\/v2\/product_cat?post=91543"},{"taxonomy":"product_tag","embeddable":true,"href":"https:\/\/shop.kustom.ch\/it\/wp-json\/wp\/v2\/product_tag?post=91543"}],"curies":[{"name":"wp","href":"https:\/\/api.w.org\/{rel}","templated":true}]}}