{"id":91519,"date":"2024-03-20T16:35:32","date_gmt":"2024-03-20T15:35:32","guid":{"rendered":"https:\/\/kustomshop.kinsta.cloud\/produkt\/progress-pant-jr\/"},"modified":"2026-03-27T15:38:51","modified_gmt":"2026-03-27T14:38:51","slug":"progress-pant-jr","status":"publish","type":"product","link":"https:\/\/shop.kustom.ch\/it\/prodotto\/progress-pant-jr\/","title":{"rendered":"Pantalone Progress Jr"},"content":{"rendered":"<p>Pantaloni da allenamento elasticizzati in materiale funzionale con eccellente trasporto dell'umidit\u00e0 per il massimo delle prestazioni. Vestibilit\u00e0 aderente e cerniere alle estremit\u00e0 delle gambe. Tasche laterali con zip. Vita elasticizzata con coulisse.<\/p>\n<p>Materiale: 100 poliestere %<\/p>","protected":false},"excerpt":{"rendered":"<p>Elastische Trainingshose aus funktionellem Material mit hervorragenden Feuchtigkeitstransport f\u00fcr maximale Leistung. Enge Passform und Reissverschl\u00fcssen an den Beinabschl\u00fcssen. Seitentaschen mit Reissverschluss. Elastischer Bund mit Kordelzug. Material: 100 % Polyester<\/p>","protected":false},"featured_media":248011,"template":"","meta":[],"product_brand":[],"product_cat":[4185],"product_tag":[],"class_list":{"0":"post-91519","1":"product","2":"type-product","3":"status-publish","4":"has-post-thumbnail","6":"product_cat-hosen","7":"pa_brand-craft-teamwear","8":"pa_brand-type-sportswear","9":"pa_filter-color-blau","10":"pa_filter-color-schwarz","11":"pa_filter-color-weiss","13":"first","14":"instock","15":"sale","16":"taxable","17":"shipping-taxable","18":"purchasable","19":"product-type-variable","20":"add-to-wishlist-before_image"},"exclude_global_add_ons":[],"addons":[],"acf":[],"_links":{"self":[{"href":"https:\/\/shop.kustom.ch\/it\/wp-json\/wp\/v2\/product\/91519"}],"collection":[{"href":"https:\/\/shop.kustom.ch\/it\/wp-json\/wp\/v2\/product"}],"about":[{"href":"https:\/\/shop.kustom.ch\/it\/wp-json\/wp\/v2\/types\/product"}],"wp:featuredmedia":[{"embeddable":true,"href":"https:\/\/shop.kustom.ch\/it\/wp-json\/wp\/v2\/media\/248011"}],"wp:attachment":[{"href":"https:\/\/shop.kustom.ch\/it\/wp-json\/wp\/v2\/media?parent=91519"}],"wp:term":[{"taxonomy":"product_brand","embeddable":true,"href":"https:\/\/shop.kustom.ch\/it\/wp-json\/wp\/v2\/product_brand?post=91519"},{"taxonomy":"product_cat","embeddable":true,"href":"https:\/\/shop.kustom.ch\/it\/wp-json\/wp\/v2\/product_cat?post=91519"},{"taxonomy":"product_tag","embeddable":true,"href":"https:\/\/shop.kustom.ch\/it\/wp-json\/wp\/v2\/product_tag?post=91519"}],"curies":[{"name":"wp","href":"https:\/\/api.w.org\/{rel}","templated":true}]}}