{"id":91416,"date":"2024-03-20T16:35:08","date_gmt":"2024-03-20T15:35:08","guid":{"rendered":"https:\/\/kustomshop.kinsta.cloud\/produkt\/progress-practise-shorts-jr\/"},"modified":"2026-03-27T15:40:45","modified_gmt":"2026-03-27T14:40:45","slug":"progress-practise-shorts-jr","status":"publish","type":"product","link":"https:\/\/shop.kustom.ch\/it\/prodotto\/progress-practise-shorts-jr\/","title":{"rendered":"Pantaloncini da allenamento Progress Jr"},"content":{"rendered":"<p>Pantaloncini da allenamento in materiale elasticizzato e funzionale. Offrono un trasporto ottimale dell'umidit\u00e0 per le massime prestazioni. Con due tasche, coulisse in vita e strisce a contrasto sui lati. L'inserto in rete nel cavallo offre una migliore ventilazione, mentre l'eccezionale elasticit\u00e0 e il design ergonomico garantiscono una vestibilit\u00e0 confortevole e una libert\u00e0 di movimento ottimale.<\/p>\n<p>Materiale: 100 poliestere %<\/p>","protected":false},"excerpt":{"rendered":"<p>Trainingsshorts aus elastischem und funktionellem Material. Sie bietet einen optimalen Feuchtigkeitstransport f\u00fcr maximale Leistung. Mit zwei Taschen, Kordelzug an der Taille und Kontraststreifen an den Seiten. Mesh-Einsatz im Schritt bietet eine verbesserte Bel\u00fcftung, w\u00e4hrend die herausragende Elastizit\u00e4t und das ergonomisches Design f\u00fcr einen komfortable Passform und optimale Bewegungsfreiheit sorgen. Material: 100 % Polyester<\/p>","protected":false},"featured_media":247991,"template":"","meta":[],"product_brand":[],"product_cat":[4198],"product_tag":[],"class_list":{"0":"post-91416","1":"product","2":"type-product","3":"status-publish","4":"has-post-thumbnail","6":"product_cat-shorts","7":"pa_brand-craft-teamwear","8":"pa_brand-type-sportswear","9":"pa_filter-color-blau","10":"pa_filter-color-schwarz","11":"pa_filter-color-weiss","13":"first","14":"instock","15":"sale","16":"taxable","17":"shipping-taxable","18":"purchasable","19":"product-type-variable","20":"add-to-wishlist-before_image"},"exclude_global_add_ons":[],"addons":[],"acf":[],"_links":{"self":[{"href":"https:\/\/shop.kustom.ch\/it\/wp-json\/wp\/v2\/product\/91416"}],"collection":[{"href":"https:\/\/shop.kustom.ch\/it\/wp-json\/wp\/v2\/product"}],"about":[{"href":"https:\/\/shop.kustom.ch\/it\/wp-json\/wp\/v2\/types\/product"}],"wp:featuredmedia":[{"embeddable":true,"href":"https:\/\/shop.kustom.ch\/it\/wp-json\/wp\/v2\/media\/247991"}],"wp:attachment":[{"href":"https:\/\/shop.kustom.ch\/it\/wp-json\/wp\/v2\/media?parent=91416"}],"wp:term":[{"taxonomy":"product_brand","embeddable":true,"href":"https:\/\/shop.kustom.ch\/it\/wp-json\/wp\/v2\/product_brand?post=91416"},{"taxonomy":"product_cat","embeddable":true,"href":"https:\/\/shop.kustom.ch\/it\/wp-json\/wp\/v2\/product_cat?post=91416"},{"taxonomy":"product_tag","embeddable":true,"href":"https:\/\/shop.kustom.ch\/it\/wp-json\/wp\/v2\/product_tag?post=91416"}],"curies":[{"name":"wp","href":"https:\/\/api.w.org\/{rel}","templated":true}]}}