{"id":91233,"date":"2024-03-20T16:34:31","date_gmt":"2024-03-20T15:34:31","guid":{"rendered":"https:\/\/kustomshop.kinsta.cloud\/produkt\/progress-halfzip-ls-tee-w\/"},"modified":"2026-03-27T15:45:12","modified_gmt":"2026-03-27T14:45:12","slug":"progress-halfzip-ls-tee-w","status":"publish","type":"product","link":"https:\/\/shop.kustom.ch\/it\/prodotto\/progress-halfzip-ls-tee-w\/","title":{"rendered":"Maglietta Progress Halfzip Ls W"},"content":{"rendered":"<p>Maglia da allenamento e riscaldamento morbida e confortevole, realizzata in materiale funzionale per un trasporto ottimale dell'umidit\u00e0. La zip corta consente una ventilazione facile e veloce. Taglio femminile.<\/p>\n<p>Materiale: 100 poliestere %<\/p>","protected":false},"excerpt":{"rendered":"<p>Weiches und bequemes Trainings- und Aufw\u00e4rmtrikot aus funktionellem Material f\u00fcr optimalen Feuchtigkeitstransport. Der kurze Reissverschluss erm\u00f6glicht eine schnelle und einfache Handhabung der Bel\u00fcftung. Weiblicher Schnitt. Material: 100 % Polyester<\/p>","protected":false},"featured_media":247964,"template":"","meta":[],"product_brand":[],"product_cat":[4191],"product_tag":[],"class_list":{"0":"post-91233","1":"product","2":"type-product","3":"status-publish","4":"has-post-thumbnail","6":"product_cat-longsleeves-sweatshirts","7":"pa_brand-craft-teamwear","8":"pa_brand-type-sportswear","9":"pa_filter-color-blau","10":"pa_filter-color-gelb","11":"pa_filter-color-gruen","12":"pa_filter-color-rot","13":"pa_filter-color-schwarz","14":"pa_filter-color-weiss","16":"first","17":"instock","18":"sale","19":"taxable","20":"shipping-taxable","21":"purchasable","22":"product-type-variable","23":"add-to-wishlist-before_image"},"exclude_global_add_ons":[],"addons":[],"acf":[],"_links":{"self":[{"href":"https:\/\/shop.kustom.ch\/it\/wp-json\/wp\/v2\/product\/91233"}],"collection":[{"href":"https:\/\/shop.kustom.ch\/it\/wp-json\/wp\/v2\/product"}],"about":[{"href":"https:\/\/shop.kustom.ch\/it\/wp-json\/wp\/v2\/types\/product"}],"wp:featuredmedia":[{"embeddable":true,"href":"https:\/\/shop.kustom.ch\/it\/wp-json\/wp\/v2\/media\/247964"}],"wp:attachment":[{"href":"https:\/\/shop.kustom.ch\/it\/wp-json\/wp\/v2\/media?parent=91233"}],"wp:term":[{"taxonomy":"product_brand","embeddable":true,"href":"https:\/\/shop.kustom.ch\/it\/wp-json\/wp\/v2\/product_brand?post=91233"},{"taxonomy":"product_cat","embeddable":true,"href":"https:\/\/shop.kustom.ch\/it\/wp-json\/wp\/v2\/product_cat?post=91233"},{"taxonomy":"product_tag","embeddable":true,"href":"https:\/\/shop.kustom.ch\/it\/wp-json\/wp\/v2\/product_tag?post=91233"}],"curies":[{"name":"wp","href":"https:\/\/api.w.org\/{rel}","templated":true}]}}