{"id":90945,"date":"2024-03-20T16:33:33","date_gmt":"2024-03-20T15:33:33","guid":{"rendered":"https:\/\/kustomshop.kinsta.cloud\/produkt\/progress-practise-tee-m\/"},"modified":"2026-03-27T15:46:41","modified_gmt":"2026-03-27T14:46:41","slug":"progress-practise-tee-m","status":"publish","type":"product","link":"https:\/\/shop.kustom.ch\/it\/prodotto\/progress-practise-tee-m\/","title":{"rendered":"Maglietta da allenamento Progress M"},"content":{"rendered":"<p>La t-shirt da allenamento in materiale elastico e funzionale offre un trasporto superiore dell'umidit\u00e0 per le massime prestazioni. Gli inserti in rete sotto le ascelle garantiscono un'efficace gestione della temperatura corporea, mentre l'elevata elasticit\u00e0 e il design ergonomico assicurano una vestibilit\u00e0 confortevole e una libert\u00e0 di movimento ottimale. Collo a doppio strato in colore a contrasto per un look accattivante<\/p>\n<p>Materiale: 100 poliestere %<\/p>","protected":false},"excerpt":{"rendered":"<p>Trainings-T-Shirt aus elastischem und funktionellem Material bietet \u00fcberlegenen Feuchtigkeitstransport f\u00fcr maximale Leistung. Mesh-Eins\u00e4tze in den Achselh\u00f6hlen sorgen f\u00fcr ein effizientes K\u00f6rpertemperaturmanagement, w\u00e4hrend eine hohe Elastizit\u00e4t und ein ergonomisches Design f\u00fcr einen komfortablen Sitz und optimale Bewegungsfreiheit sorgen. Doppelschichthals in Kontrastfarbe f\u00fcr eine scharfe Optik Material: 100 % Polyester<\/p>","protected":false},"featured_media":247928,"template":"","meta":[],"product_brand":[],"product_cat":[4201],"product_tag":[],"class_list":{"0":"post-90945","1":"product","2":"type-product","3":"status-publish","4":"has-post-thumbnail","6":"product_cat-t-shirts","7":"pa_brand-craft-teamwear","8":"pa_brand-type-sportswear","9":"pa_filter-color-blau","10":"pa_filter-color-rot","11":"pa_filter-color-schwarz","12":"pa_filter-color-weiss","14":"first","15":"instock","16":"sale","17":"taxable","18":"shipping-taxable","19":"purchasable","20":"product-type-variable","21":"add-to-wishlist-before_image"},"exclude_global_add_ons":[],"addons":[],"acf":[],"_links":{"self":[{"href":"https:\/\/shop.kustom.ch\/it\/wp-json\/wp\/v2\/product\/90945"}],"collection":[{"href":"https:\/\/shop.kustom.ch\/it\/wp-json\/wp\/v2\/product"}],"about":[{"href":"https:\/\/shop.kustom.ch\/it\/wp-json\/wp\/v2\/types\/product"}],"wp:featuredmedia":[{"embeddable":true,"href":"https:\/\/shop.kustom.ch\/it\/wp-json\/wp\/v2\/media\/247928"}],"wp:attachment":[{"href":"https:\/\/shop.kustom.ch\/it\/wp-json\/wp\/v2\/media?parent=90945"}],"wp:term":[{"taxonomy":"product_brand","embeddable":true,"href":"https:\/\/shop.kustom.ch\/it\/wp-json\/wp\/v2\/product_brand?post=90945"},{"taxonomy":"product_cat","embeddable":true,"href":"https:\/\/shop.kustom.ch\/it\/wp-json\/wp\/v2\/product_cat?post=90945"},{"taxonomy":"product_tag","embeddable":true,"href":"https:\/\/shop.kustom.ch\/it\/wp-json\/wp\/v2\/product_tag?post=90945"}],"curies":[{"name":"wp","href":"https:\/\/api.w.org\/{rel}","templated":true}]}}