{"id":90669,"date":"2024-03-20T16:32:23","date_gmt":"2024-03-20T15:32:23","guid":{"rendered":"https:\/\/kustomshop.kinsta.cloud\/produkt\/progress-jersey-graphic-jr\/"},"modified":"2026-03-27T15:00:44","modified_gmt":"2026-03-27T14:00:44","slug":"progress-jersey-graphic-jr","status":"publish","type":"product","link":"https:\/\/shop.kustom.ch\/it\/prodotto\/progress-jersey-graphic-jr\/","title":{"rendered":"Maglia Progress Graphic Jr"},"content":{"rendered":"<p>Con questa maglia, potrete dare un tono al gioco creativo. La maglia da calcio di Craft assicura una sensazione di asciutto grazie al suo tessuto di prima qualit\u00e0. Gli inserti in rete sotto le braccia intensificano la ventilazione durante le sessioni di gioco pi\u00f9 sudate. Un bel gioco - una maglia ancora migliore.<\/p>\n<p>Materiale: 100 poliestere %<\/p>","protected":false},"excerpt":{"rendered":"<p>Mit diesem Trikot gebt ihr das kreative Spiel vor. Das Fussballtrikot von Craft sorgt mit seinem erstklassigen Gewebe f\u00fcr ein trockenes Tragegef\u00fchl. Netzeins\u00e4tze unter den Armen intensivieren die Ventilation bei schweisstreibenden Einheiten. Gutes Spiel &#8211; noch besseres Trikot. Material: 100 % Polyester<\/p>","protected":false},"featured_media":247861,"template":"","meta":[],"product_brand":[],"product_cat":[4201],"product_tag":[],"class_list":{"0":"post-90669","1":"product","2":"type-product","3":"status-publish","4":"has-post-thumbnail","6":"product_cat-t-shirts","7":"pa_brand-craft-teamwear","8":"pa_brand-type-sportswear","9":"pa_filter-color-blau","10":"pa_filter-color-gelb","11":"pa_filter-color-gruen","12":"pa_filter-color-orange","13":"pa_filter-color-pink","14":"pa_filter-color-rot","15":"pa_filter-color-schwarz","16":"pa_filter-color-weiss","18":"first","19":"instock","20":"sale","21":"taxable","22":"shipping-taxable","23":"purchasable","24":"product-type-variable","25":"add-to-wishlist-before_image"},"exclude_global_add_ons":[],"addons":[],"acf":[],"_links":{"self":[{"href":"https:\/\/shop.kustom.ch\/it\/wp-json\/wp\/v2\/product\/90669"}],"collection":[{"href":"https:\/\/shop.kustom.ch\/it\/wp-json\/wp\/v2\/product"}],"about":[{"href":"https:\/\/shop.kustom.ch\/it\/wp-json\/wp\/v2\/types\/product"}],"wp:featuredmedia":[{"embeddable":true,"href":"https:\/\/shop.kustom.ch\/it\/wp-json\/wp\/v2\/media\/247861"}],"wp:attachment":[{"href":"https:\/\/shop.kustom.ch\/it\/wp-json\/wp\/v2\/media?parent=90669"}],"wp:term":[{"taxonomy":"product_brand","embeddable":true,"href":"https:\/\/shop.kustom.ch\/it\/wp-json\/wp\/v2\/product_brand?post=90669"},{"taxonomy":"product_cat","embeddable":true,"href":"https:\/\/shop.kustom.ch\/it\/wp-json\/wp\/v2\/product_cat?post=90669"},{"taxonomy":"product_tag","embeddable":true,"href":"https:\/\/shop.kustom.ch\/it\/wp-json\/wp\/v2\/product_tag?post=90669"}],"curies":[{"name":"wp","href":"https:\/\/api.w.org\/{rel}","templated":true}]}}