{"id":90613,"date":"2024-03-20T16:32:12","date_gmt":"2024-03-20T15:32:12","guid":{"rendered":"https:\/\/kustomshop.kinsta.cloud\/produkt\/progress-jersey-stripe-jr\/"},"modified":"2026-03-27T15:06:51","modified_gmt":"2026-03-27T14:06:51","slug":"progress-jersey-stripe-jr","status":"publish","type":"product","link":"https:\/\/shop.kustom.ch\/it\/prodotto\/progress-jersey-stripe-jr\/","title":{"rendered":"Maglia Progress Stripe Jr"},"content":{"rendered":"<p>Per giornate di partite di successo. Con questa maglia avrete solo vantaggi: materiale traspirante per un maggiore comfort e asciutto. Tessuto traspirante e inserti in rete per una ventilazione intensiva. La vestibilit\u00e0 ampia garantisce inoltre una sufficiente libert\u00e0 di movimento.<\/p>\n<p>Materiale: 100 poliestere %<\/p>","protected":false},"excerpt":{"rendered":"<p>F\u00fcr erfolgreiche Spieltage. Mit diesem Trikot habt ihr nur Vorteile: Schweissableitendes Material f\u00fcr mehr Tragekomfort und Trockenheit. Atmungsaktives Gewebe und Netzeins\u00e4tze f\u00fcr eine intensive Bel\u00fcftung. Die lockere Passform sorgt zudem f\u00fcr gen\u00fcgend Bewegungsfreiheit. Material: 100 % Polyester<\/p>","protected":false},"featured_media":247850,"template":"","meta":[],"product_brand":[],"product_cat":[4201],"product_tag":[],"class_list":{"0":"post-90613","1":"product","2":"type-product","3":"status-publish","4":"has-post-thumbnail","6":"product_cat-t-shirts","7":"pa_brand-craft-teamwear","8":"pa_brand-type-sportswear","9":"pa_filter-color-blau","10":"pa_filter-color-gelb","11":"pa_filter-color-gruen","12":"pa_filter-color-rot","13":"pa_filter-color-schwarz","14":"pa_filter-color-weiss","16":"first","17":"instock","18":"sale","19":"taxable","20":"shipping-taxable","21":"purchasable","22":"product-type-variable","23":"add-to-wishlist-before_image"},"exclude_global_add_ons":[],"addons":[],"acf":[],"_links":{"self":[{"href":"https:\/\/shop.kustom.ch\/it\/wp-json\/wp\/v2\/product\/90613"}],"collection":[{"href":"https:\/\/shop.kustom.ch\/it\/wp-json\/wp\/v2\/product"}],"about":[{"href":"https:\/\/shop.kustom.ch\/it\/wp-json\/wp\/v2\/types\/product"}],"wp:featuredmedia":[{"embeddable":true,"href":"https:\/\/shop.kustom.ch\/it\/wp-json\/wp\/v2\/media\/247850"}],"wp:attachment":[{"href":"https:\/\/shop.kustom.ch\/it\/wp-json\/wp\/v2\/media?parent=90613"}],"wp:term":[{"taxonomy":"product_brand","embeddable":true,"href":"https:\/\/shop.kustom.ch\/it\/wp-json\/wp\/v2\/product_brand?post=90613"},{"taxonomy":"product_cat","embeddable":true,"href":"https:\/\/shop.kustom.ch\/it\/wp-json\/wp\/v2\/product_cat?post=90613"},{"taxonomy":"product_tag","embeddable":true,"href":"https:\/\/shop.kustom.ch\/it\/wp-json\/wp\/v2\/product_tag?post=90613"}],"curies":[{"name":"wp","href":"https:\/\/api.w.org\/{rel}","templated":true}]}}