{"id":90293,"date":"2024-03-20T16:31:18","date_gmt":"2024-03-20T15:31:18","guid":{"rendered":"https:\/\/kustomshop.kinsta.cloud\/produkt\/squad-sock-contrast\/"},"modified":"2026-03-27T13:35:03","modified_gmt":"2026-03-27T12:35:03","slug":"squad-sock-contrast","status":"publish","type":"product","link":"https:\/\/shop.kustom.ch\/it\/prodotto\/squad-sock-contrast\/","title":{"rendered":"Calzino della squadra a contrasto"},"content":{"rendered":"<p>Per prestazioni al top in allenamento e in partita. Il calzino di CRAFT colpisce per il suo design insolito e accattivante. Inoltre, il mix di materiali garantisce il massimo comfort per una piacevole sensazione del corpo anche durante lo sforzo. I parastinchi sono posizionati saldamente nella calza con l'aiuto di sezioni preformate.<\/p>\n<p>Materiale: 99% poliestere, 1% elastan<\/p>","protected":false},"excerpt":{"rendered":"<p>F\u00fcr H\u00f6chstleistungen im Training und im Spiel. Der Stutzenstrumpf von CRAFT punktet mit einem aussergew\u00f6hnlichen und auff\u00e4lligem Design. Dazu garantiert der Materialmix besten Tragekomfort f\u00fcr ein angenehmes K\u00f6rpergef\u00fchl auch bei Anstrengung. Die Schienbeinschoner werden mithilfe vorgeformter Partien im Strumpf fest positioniert. Material: 99% Polyester, 1% Elastane<\/p>","protected":false},"featured_media":247799,"template":"","meta":[],"product_brand":[],"product_cat":[4199],"product_tag":[],"class_list":{"0":"post-90293","1":"product","2":"type-product","3":"status-publish","4":"has-post-thumbnail","6":"product_cat-socken","7":"pa_brand-craft-teamwear","8":"pa_brand-type-sportswear","9":"pa_filter-color-blau","10":"pa_filter-color-gelb","11":"pa_filter-color-gruen","12":"pa_filter-color-pink","13":"pa_filter-color-rot","14":"pa_filter-color-schwarz","15":"pa_filter-color-weiss","17":"first","18":"instock","19":"sale","20":"taxable","21":"shipping-taxable","22":"purchasable","23":"product-type-variable","24":"add-to-wishlist-before_image"},"exclude_global_add_ons":[],"addons":[],"acf":[],"_links":{"self":[{"href":"https:\/\/shop.kustom.ch\/it\/wp-json\/wp\/v2\/product\/90293"}],"collection":[{"href":"https:\/\/shop.kustom.ch\/it\/wp-json\/wp\/v2\/product"}],"about":[{"href":"https:\/\/shop.kustom.ch\/it\/wp-json\/wp\/v2\/types\/product"}],"wp:featuredmedia":[{"embeddable":true,"href":"https:\/\/shop.kustom.ch\/it\/wp-json\/wp\/v2\/media\/247799"}],"wp:attachment":[{"href":"https:\/\/shop.kustom.ch\/it\/wp-json\/wp\/v2\/media?parent=90293"}],"wp:term":[{"taxonomy":"product_brand","embeddable":true,"href":"https:\/\/shop.kustom.ch\/it\/wp-json\/wp\/v2\/product_brand?post=90293"},{"taxonomy":"product_cat","embeddable":true,"href":"https:\/\/shop.kustom.ch\/it\/wp-json\/wp\/v2\/product_cat?post=90293"},{"taxonomy":"product_tag","embeddable":true,"href":"https:\/\/shop.kustom.ch\/it\/wp-json\/wp\/v2\/product_tag?post=90293"}],"curies":[{"name":"wp","href":"https:\/\/api.w.org\/{rel}","templated":true}]}}