{"id":90156,"date":"2024-03-20T16:30:57","date_gmt":"2024-03-20T15:30:57","guid":{"rendered":"https:\/\/kustomshop.kinsta.cloud\/produkt\/squad-sock-solid\/"},"modified":"2026-03-27T13:36:55","modified_gmt":"2026-03-27T12:36:55","slug":"squad-sock-solid","status":"publish","type":"product","link":"https:\/\/shop.kustom.ch\/it\/prodotto\/squad-sock-solid\/","title":{"rendered":"Calzino solido della squadra"},"content":{"rendered":"<p>Stile dalla maglia ai pantaloni ai calzini! I calzini Squad Solid di CRAFT sono disponibili in un'ampia gamma di colori. Ce n'\u00e8 per tutti i gusti. Grazie al mix di materiali, sono estremamente comodi da indossare, piacevolmente traspiranti e anche molto facili da curare. I parastinchi sono posizionati saldamente nella calza con l'aiuto di sezioni preformate.<\/p>\n<p>Materiale: 99% poliestere, 1% elastan<\/p>","protected":false},"excerpt":{"rendered":"<p>Vom Trikot \u00fcber die Hose bis zu den Stutzen gestylt! Die Squad Solid Stutzen von CRAFT gibt es in einer bunten Farbauswahl. Da ist f\u00fcr jeden etwas dabei. Durch den Materialmix stehen sie f\u00fcr besten Tragekomfort, angenehme Atmungsaktivit\u00e4t und sind zudem sehr pflegeleicht. Die Schienbeinschoner werden mithilfe vorgeformter Partien im Strumpf fest positioniert. Material: 99% [&hellip;]<\/p>\n","protected":false},"featured_media":247782,"template":"","meta":[],"product_brand":[],"product_cat":[4199],"product_tag":[],"class_list":{"0":"post-90156","1":"product","2":"type-product","3":"status-publish","4":"has-post-thumbnail","6":"product_cat-socken","7":"pa_brand-craft-teamwear","8":"pa_brand-type-sportswear","9":"pa_filter-color-blau","10":"pa_filter-color-gelb","11":"pa_filter-color-grau","12":"pa_filter-color-gruen","13":"pa_filter-color-orange","14":"pa_filter-color-pink","15":"pa_filter-color-rot","16":"pa_filter-color-schwarz","17":"pa_filter-color-violet","18":"pa_filter-color-weiss","20":"first","21":"instock","22":"sale","23":"taxable","24":"shipping-taxable","25":"purchasable","26":"product-type-variable","27":"add-to-wishlist-before_image"},"exclude_global_add_ons":[],"addons":[],"acf":[],"_links":{"self":[{"href":"https:\/\/shop.kustom.ch\/it\/wp-json\/wp\/v2\/product\/90156"}],"collection":[{"href":"https:\/\/shop.kustom.ch\/it\/wp-json\/wp\/v2\/product"}],"about":[{"href":"https:\/\/shop.kustom.ch\/it\/wp-json\/wp\/v2\/types\/product"}],"wp:featuredmedia":[{"embeddable":true,"href":"https:\/\/shop.kustom.ch\/it\/wp-json\/wp\/v2\/media\/247782"}],"wp:attachment":[{"href":"https:\/\/shop.kustom.ch\/it\/wp-json\/wp\/v2\/media?parent=90156"}],"wp:term":[{"taxonomy":"product_brand","embeddable":true,"href":"https:\/\/shop.kustom.ch\/it\/wp-json\/wp\/v2\/product_brand?post=90156"},{"taxonomy":"product_cat","embeddable":true,"href":"https:\/\/shop.kustom.ch\/it\/wp-json\/wp\/v2\/product_cat?post=90156"},{"taxonomy":"product_tag","embeddable":true,"href":"https:\/\/shop.kustom.ch\/it\/wp-json\/wp\/v2\/product_tag?post=90156"}],"curies":[{"name":"wp","href":"https:\/\/api.w.org\/{rel}","templated":true}]}}