{"id":90064,"date":"2024-03-20T16:30:42","date_gmt":"2024-03-20T15:30:42","guid":{"rendered":"https:\/\/kustomshop.kinsta.cloud\/produkt\/progress-short-contrast-w\/"},"modified":"2026-03-27T14:37:28","modified_gmt":"2026-03-27T13:37:28","slug":"progress-short-contrast-w","status":"publish","type":"product","link":"https:\/\/shop.kustom.ch\/it\/prodotto\/progress-short-contrast-w\/","title":{"rendered":"Progress Short Contrast W"},"content":{"rendered":"<p>Funzionalit\u00e0 perfetta e look eccezionale. Questa \u00e8 la promessa dei pantaloncini Progress Contrast di Craft. Il tessuto leggero e ad asciugatura rapida garantisce le massime prestazioni. Gli inserti in rete nel cavallo offrono una maggiore ventilazione durante le sessioni di allenamento pi\u00f9 sudate. Il pantaloncino interno integrato e la coulisse in vita garantiscono una vestibilit\u00e0 sicura.<\/p>\n<p>Materiale: 100 poliestere %<\/p>","protected":false},"excerpt":{"rendered":"<p>Perfekte Funktion und ausgesprochen gutes Aussehen. Das verspricht die Progress Contrast Short von Craft. F\u00fcr maximale Leistung steht das leichte und gleichzeitig schnelltrocknende Gewebe. Netzeins\u00e4tze im Schritt sorgen f\u00fcr zus\u00e4tzliche Ventilation bei schweisstreibenden Fussballeinheiten. Die integrierte Innenhose und der Kordelzug im Bund garantieren einen festen Halt. Material: 100 % Polyester<\/p>","protected":false},"featured_media":247769,"template":"","meta":[],"product_brand":[],"product_cat":[4198],"product_tag":[],"class_list":{"0":"post-90064","1":"product","2":"type-product","3":"status-publish","4":"has-post-thumbnail","6":"product_cat-shorts","7":"pa_brand-craft-teamwear","8":"pa_brand-type-sportswear","9":"pa_filter-color-blau","10":"pa_filter-color-gelb","11":"pa_filter-color-gruen","12":"pa_filter-color-rot","13":"pa_filter-color-schwarz","14":"pa_filter-color-weiss","16":"first","17":"instock","18":"sale","19":"taxable","20":"shipping-taxable","21":"purchasable","22":"product-type-variable","23":"add-to-wishlist-before_image"},"exclude_global_add_ons":[],"addons":[],"acf":[],"_links":{"self":[{"href":"https:\/\/shop.kustom.ch\/it\/wp-json\/wp\/v2\/product\/90064"}],"collection":[{"href":"https:\/\/shop.kustom.ch\/it\/wp-json\/wp\/v2\/product"}],"about":[{"href":"https:\/\/shop.kustom.ch\/it\/wp-json\/wp\/v2\/types\/product"}],"wp:featuredmedia":[{"embeddable":true,"href":"https:\/\/shop.kustom.ch\/it\/wp-json\/wp\/v2\/media\/247769"}],"wp:attachment":[{"href":"https:\/\/shop.kustom.ch\/it\/wp-json\/wp\/v2\/media?parent=90064"}],"wp:term":[{"taxonomy":"product_brand","embeddable":true,"href":"https:\/\/shop.kustom.ch\/it\/wp-json\/wp\/v2\/product_brand?post=90064"},{"taxonomy":"product_cat","embeddable":true,"href":"https:\/\/shop.kustom.ch\/it\/wp-json\/wp\/v2\/product_cat?post=90064"},{"taxonomy":"product_tag","embeddable":true,"href":"https:\/\/shop.kustom.ch\/it\/wp-json\/wp\/v2\/product_tag?post=90064"}],"curies":[{"name":"wp","href":"https:\/\/api.w.org\/{rel}","templated":true}]}}