{"id":89884,"date":"2024-03-20T16:30:12","date_gmt":"2024-03-20T15:30:12","guid":{"rendered":"https:\/\/kustomshop.kinsta.cloud\/produkt\/progress-short-contrast-m\/"},"modified":"2026-03-27T14:35:45","modified_gmt":"2026-03-27T13:35:45","slug":"progress-short-contrast-m","status":"publish","type":"product","link":"https:\/\/shop.kustom.ch\/it\/prodotto\/progress-short-contrast-m\/","title":{"rendered":"Progress Short Contrast M"},"content":{"rendered":"<p>Per fare bella figura sul campo da calcio. I pantaloncini Progress con comoda funzione stretch. L'eccellente traspirabilit\u00e0 del materiale garantisce una sufficiente ventilazione del corpo nonostante lo sforzo. La coulisse in vita garantisce una tenuta sicura e il design a righe sul lato sottolinea il look sportivo.<\/p>\n<p>Materiale: 100 poliestere %<\/p>","protected":false},"excerpt":{"rendered":"<p>F\u00fcr gutes Aussehen auf dem Fussballplatz. Die Progress Short mit angenehmer Stretch-Funktion. Durch die hervorragende Atmungsaktivit\u00e4t des Materials wird der K\u00f6rper trotz Anstrengung ausreichend bel\u00fcftet. Ein Kordelzug im Bund verspricht festen Halt und das Streifendesign an der Seite unterstreicht die sportive Optik. Material: 100 % Polyester<\/p>","protected":false},"featured_media":247746,"template":"","meta":[],"product_brand":[],"product_cat":[4198],"product_tag":[],"class_list":{"0":"post-89884","1":"product","2":"type-product","3":"status-publish","4":"has-post-thumbnail","6":"product_cat-shorts","7":"pa_brand-craft-teamwear","8":"pa_brand-type-sportswear","9":"pa_filter-color-blau","10":"pa_filter-color-gelb","11":"pa_filter-color-gruen","12":"pa_filter-color-rot","13":"pa_filter-color-schwarz","14":"pa_filter-color-weiss","16":"first","17":"instock","18":"sale","19":"taxable","20":"shipping-taxable","21":"purchasable","22":"product-type-variable","23":"add-to-wishlist-before_image"},"exclude_global_add_ons":[],"addons":[],"acf":[],"_links":{"self":[{"href":"https:\/\/shop.kustom.ch\/it\/wp-json\/wp\/v2\/product\/89884"}],"collection":[{"href":"https:\/\/shop.kustom.ch\/it\/wp-json\/wp\/v2\/product"}],"about":[{"href":"https:\/\/shop.kustom.ch\/it\/wp-json\/wp\/v2\/types\/product"}],"wp:featuredmedia":[{"embeddable":true,"href":"https:\/\/shop.kustom.ch\/it\/wp-json\/wp\/v2\/media\/247746"}],"wp:attachment":[{"href":"https:\/\/shop.kustom.ch\/it\/wp-json\/wp\/v2\/media?parent=89884"}],"wp:term":[{"taxonomy":"product_brand","embeddable":true,"href":"https:\/\/shop.kustom.ch\/it\/wp-json\/wp\/v2\/product_brand?post=89884"},{"taxonomy":"product_cat","embeddable":true,"href":"https:\/\/shop.kustom.ch\/it\/wp-json\/wp\/v2\/product_cat?post=89884"},{"taxonomy":"product_tag","embeddable":true,"href":"https:\/\/shop.kustom.ch\/it\/wp-json\/wp\/v2\/product_tag?post=89884"}],"curies":[{"name":"wp","href":"https:\/\/api.w.org\/{rel}","templated":true}]}}