{"id":89795,"date":"2024-03-20T16:29:57","date_gmt":"2024-03-20T15:29:57","guid":{"rendered":"https:\/\/kustomshop.kinsta.cloud\/produkt\/squad-short-solid-m\/"},"modified":"2026-03-27T14:44:27","modified_gmt":"2026-03-27T13:44:27","slug":"squad-short-solid-m","status":"publish","type":"product","link":"https:\/\/shop.kustom.ch\/it\/prodotto\/squad-short-solid-m\/","title":{"rendered":"Pantaloncino Squad Solid M"},"content":{"rendered":"<p>In quale colore preferisci giocare? CRAFT offre un'ampia gamma di colori con i pantaloncini Squad. Il materiale elasticizzato offre una completa libert\u00e0 di movimento. La coulisse in vita e i pantaloncini interni aggiuntivi assicurano una vestibilit\u00e0 sicura durante il gioco.<\/p>\n<p>Materiale: 100 poliestere %<\/p>","protected":false},"excerpt":{"rendered":"<p>In welcher Farbe spielst du am liebsten? CRAFT bietet mit der Squad Short eine vielf\u00e4ltige Farbpalette an. Das elastische Material bietet dir zudem absolute Bewegungsfreiheit. Ein Kordelzug im Bund und eine zus\u00e4tzlich erh\u00e4ltliche Innenhose sorgen f\u00fcr einen festen Sitz w\u00e4hrend du am Ball bist. Material: 100 % Polyester<\/p>","protected":false},"featured_media":247735,"template":"","meta":[],"product_brand":[],"product_cat":[4198],"product_tag":[],"class_list":{"0":"post-89795","1":"product","2":"type-product","3":"status-publish","4":"has-post-thumbnail","6":"product_cat-shorts","7":"pa_brand-craft-teamwear","8":"pa_brand-type-sportswear","9":"pa_filter-color-blau","10":"pa_filter-color-gelb","11":"pa_filter-color-gruen","12":"pa_filter-color-orange","13":"pa_filter-color-pink","14":"pa_filter-color-rot","15":"pa_filter-color-schwarz","16":"pa_filter-color-weiss","18":"first","19":"instock","20":"sale","21":"taxable","22":"shipping-taxable","23":"purchasable","24":"product-type-variable","25":"add-to-wishlist-before_image"},"exclude_global_add_ons":[],"addons":[],"acf":[],"_links":{"self":[{"href":"https:\/\/shop.kustom.ch\/it\/wp-json\/wp\/v2\/product\/89795"}],"collection":[{"href":"https:\/\/shop.kustom.ch\/it\/wp-json\/wp\/v2\/product"}],"about":[{"href":"https:\/\/shop.kustom.ch\/it\/wp-json\/wp\/v2\/types\/product"}],"wp:featuredmedia":[{"embeddable":true,"href":"https:\/\/shop.kustom.ch\/it\/wp-json\/wp\/v2\/media\/247735"}],"wp:attachment":[{"href":"https:\/\/shop.kustom.ch\/it\/wp-json\/wp\/v2\/media?parent=89795"}],"wp:term":[{"taxonomy":"product_brand","embeddable":true,"href":"https:\/\/shop.kustom.ch\/it\/wp-json\/wp\/v2\/product_brand?post=89795"},{"taxonomy":"product_cat","embeddable":true,"href":"https:\/\/shop.kustom.ch\/it\/wp-json\/wp\/v2\/product_cat?post=89795"},{"taxonomy":"product_tag","embeddable":true,"href":"https:\/\/shop.kustom.ch\/it\/wp-json\/wp\/v2\/product_tag?post=89795"}],"curies":[{"name":"wp","href":"https:\/\/api.w.org\/{rel}","templated":true}]}}